{"id":1384,"date":"2018-12-14T09:43:34","date_gmt":"2018-12-14T08:43:34","guid":{"rendered":"https:\/\/media.iob-ev.com\/?page_id=1384"},"modified":"2020-12-08T16:12:34","modified_gmt":"2020-12-08T15:12:34","slug":"sponsoring","status":"publish","type":"page","link":"https:\/\/media.iob-ev.com\/es\/sponsoring\/","title":{"rendered":"Sponsoring"},"content":{"rendered":"<p><strong>\u00a1Utilice las sinergias como patrocinador para y en la XI Convenci\u00f3n Internacional de Estanques de Nataci\u00f3n 2021 en Portugal!<\/strong><\/p>\n<p>La Convenci\u00f3n espera cada d\u00eda hasta 250 visitantes de todo el mundo.<\/p>\n<p><strong>Como empresa innovadora, presentar\u00e1 sus ideas y productos por primera vez directamente en el congreso desde el escenario mediante una presentaci\u00f3n de 3 minutos del patrocinador <\/strong>con un m\u00e1ximo de tres diapositivas (producto, servicio, presentaci\u00f3n de la empresa, etc.) de el podio a la audiencia del congreso entre conferenciantes individuales. Las presentaciones pueden ser en alem\u00e1n, ingl\u00e9s u holand\u00e9s y se traducen simult\u00e1neamente.<\/p>\n<p>Adem\u00e1s, cada patrocinador recibe la inclusi\u00f3n de su logo en la p\u00e1gina de inicio oficial del Congreso IOB.<\/p>\n<p>Los siguientes paquetes de patrocinio est\u00e1n disponibles para apoyar el Congreso de la IOB:<\/p>\n<p>[products columns=\u00bb3&#8243; ids=\u00bb2024, 2022,2020&#8243; ]<\/p>\n<table border=\"1\" width=\"604\" cellspacing=\"0\" cellpadding=\"0\">\n<colgroup>\n<col width=\"364\" \/>\n<col width=\"81\" \/>\n<col width=\"86\" \/>\n<col width=\"71\" \/> <\/colgroup>\n<thead>\n<tr valign=\"TOP\">\n<td bgcolor=\"#4f81bd\" width=\"364\" height=\"36\"><\/td>\n<td bgcolor=\"#4f81bd\" width=\"81\">\n<p align=\"CENTER\"><span style=\"color: #ffffff;\"><span style=\"font-family: Cambria, serif;\"><span style=\"font-size: large;\"><b>Sponsor<\/b><\/span><\/span><\/span><\/p>\n<\/td>\n<td bgcolor=\"#4f81bd\" width=\"86\">\n<p align=\"CENTER\"><span style=\"color: #ffffff;\"><span style=\"font-family: Cambria, serif;\"><span style=\"font-size: large;\"><b>Premium<\/b><\/span><\/span><\/span><\/p>\n<\/td>\n<td bgcolor=\"#4f81bd\" width=\"71\">\n<p align=\"CENTER\"><span style=\"color: #ffffff;\"><span style=\"font-family: Cambria, serif;\"><span style=\"font-size: large;\"><b>Gold<\/b><\/span><\/span><\/span><\/p>\n<\/td>\n<\/tr>\n<\/thead>\n<tbody>\n<tr valign=\"TOP\">\n<td bgcolor=\"#4f81bd\" width=\"364\" height=\"34\"><\/td>\n<td bgcolor=\"#4f81bd\" width=\"81\">\n<p align=\"CENTER\"><span style=\"color: #ffffff;\">\u20ac <span style=\"font-family: Cambria, serif;\"><span style=\"font-size: medium;\"><b>300.-<\/b><\/span><\/span><\/span><\/p>\n<\/td>\n<td bgcolor=\"#4f81bd\" width=\"86\">\n<p align=\"CENTER\"><span style=\"color: #ffffff;\">\u20ac <span style=\"font-family: Cambria, serif;\"><span style=\"font-size: medium;\"><b>2000.-<\/b><\/span><\/span><\/span><\/p>\n<\/td>\n<td bgcolor=\"#4f81bd\" width=\"71\">\n<p align=\"CENTER\"><span style=\"color: #ffffff;\">\u20ac <span style=\"font-family: Cambria, serif;\"><span style=\"font-size: medium;\"><b>4000.-<\/b><\/span><\/span><\/span><\/p>\n<\/td>\n<\/tr>\n<tr valign=\"TOP\">\n<td bgcolor=\"#4f81bd\" width=\"364\" height=\"30\">\n<p align=\"LEFT\"><span style=\"color: #ffffff;\"><span style=\"font-family: Avenir Book, serif;\"><span style=\"font-size: small;\">Logo on homepage<\/span><\/span><\/span><\/p>\n<\/td>\n<td bgcolor=\"#ced7e7\" width=\"81\">\n<p align=\"CENTER\"><span style=\"color: #000000;\"><span style=\"font-family: Cambria, serif;\"><span style=\"font-size: small;\">X<\/span><\/span><\/span><\/p>\n<\/td>\n<td bgcolor=\"#ced7e7\" width=\"86\"><\/td>\n<td bgcolor=\"#ced7e7\" width=\"71\"><\/td>\n<\/tr>\n<tr valign=\"TOP\">\n<td bgcolor=\"#4f81bd\" width=\"364\" height=\"30\">\n<p align=\"LEFT\"><span style=\"color: #ffffff;\"><span style=\"font-family: Cambria, serif;\"><span style=\"font-size: small;\">Logoon homepage with link to sponsor homepage<\/span><\/span><\/span><\/p>\n<\/td>\n<td bgcolor=\"#e8ecf3\" width=\"81\"><\/td>\n<td bgcolor=\"#e8ecf3\" width=\"86\">\n<p align=\"CENTER\"><span style=\"color: #000000;\"><span style=\"font-family: Cambria, serif;\"><span style=\"font-size: small;\">X<\/span><\/span><\/span><\/p>\n<\/td>\n<td bgcolor=\"#e8ecf3\" width=\"71\">\n<p align=\"CENTER\"><span style=\"color: #000000;\"><span style=\"font-family: Cambria, serif;\"><span style=\"font-size: small;\">X<\/span><\/span><\/span><\/p>\n<\/td>\n<\/tr>\n<tr valign=\"TOP\">\n<td bgcolor=\"#4f81bd\" width=\"364\" height=\"30\">\n<p align=\"LEFT\"><span style=\"color: #ffffff;\"><span style=\"font-family: Cambria, serif;\"><span style=\"font-size: small;\"><span class=\"tlid-translation translation\" lang=\"en\"><span class=\"\" title=\"\">Brochure stand:<\/span><\/span> Flyer in public area<\/span><\/span><\/span><\/p>\n<\/td>\n<td bgcolor=\"#ced7e7\" width=\"81\">\n<p align=\"CENTER\"><span style=\"color: #000000;\"><span style=\"font-family: Cambria, serif;\"><span style=\"font-size: small;\">X<\/span><\/span><\/span><\/p>\n<\/td>\n<td bgcolor=\"#ced7e7\" width=\"86\"><\/td>\n<td bgcolor=\"#ced7e7\" width=\"71\"><\/td>\n<\/tr>\n<tr valign=\"TOP\">\n<td bgcolor=\"#4f81bd\" width=\"364\" height=\"30\">\n<p align=\"LEFT\"><span style=\"color: #ffffff;\"><span style=\"font-family: Cambria, serif;\"><span style=\"font-size: small;\">Table for prasentation and consulting<\/span><\/span><\/span><\/p>\n<\/td>\n<td bgcolor=\"#e8ecf3\" width=\"81\"><\/td>\n<td bgcolor=\"#e8ecf3\" width=\"86\">\n<p align=\"CENTER\"><span style=\"color: #000000;\"><span style=\"font-family: Cambria, serif;\"><span style=\"font-size: small;\">X<\/span><\/span><\/span><\/p>\n<\/td>\n<td bgcolor=\"#e8ecf3\" width=\"71\"><\/td>\n<\/tr>\n<tr valign=\"TOP\">\n<td bgcolor=\"#4f81bd\" width=\"364\" height=\"30\">\n<p align=\"LEFT\"><span style=\"color: #ffffff;\"><span style=\"font-family: Cambria, serif;\"><span style=\"font-size: small;\"><span class=\"tlid-translation translation\" lang=\"en\"><span class=\"\" title=\"\">Exhibition area 2 x 3 m<\/span><\/span><\/span><\/span><\/span><\/p>\n<\/td>\n<td bgcolor=\"#ced7e7\" width=\"81\"><\/td>\n<td bgcolor=\"#ced7e7\" width=\"86\"><\/td>\n<td bgcolor=\"#ced7e7\" width=\"71\">\n<p align=\"CENTER\"><span style=\"color: #000000;\"><span style=\"font-family: Cambria, serif;\"><span style=\"font-size: small;\">X<\/span><\/span><\/span><\/p>\n<\/td>\n<\/tr>\n<tr valign=\"TOP\">\n<td bgcolor=\"#4f81bd\" width=\"364\" height=\"30\">\n<p align=\"LEFT\"><span style=\"color: #ffffff;\"><span style=\"font-family: Cambria, serif;\"><span style=\"font-size: small;\">Beachflag or Roll-up in public area<\/span><\/span><\/span><\/p>\n<\/td>\n<td bgcolor=\"#e8ecf3\" width=\"81\"><\/td>\n<td bgcolor=\"#e8ecf3\" width=\"86\">\n<p align=\"CENTER\"><span style=\"color: #000000;\"><span style=\"font-family: Cambria, serif;\"><span style=\"font-size: small;\">X<\/span><\/span><\/span><\/p>\n<\/td>\n<td bgcolor=\"#e8ecf3\" width=\"71\">\n<p align=\"CENTER\"><span style=\"color: #000000;\"><span style=\"font-family: Cambria, serif;\"><span style=\"font-size: small;\">X<\/span><\/span><\/span><\/p>\n<\/td>\n<\/tr>\n<tr valign=\"TOP\">\n<td bgcolor=\"#4f81bd\" width=\"364\" height=\"30\">\n<p align=\"LEFT\"><span style=\"color: #ffffff;\"><span style=\"font-family: Cambria, serif;\"><span style=\"font-size: small;\">Beachflag or Roll-up on stage<br \/>\n<\/span><\/span><\/span><\/p>\n<\/td>\n<td bgcolor=\"#ced7e7\" width=\"81\"><\/td>\n<td bgcolor=\"#ced7e7\" width=\"86\"><\/td>\n<td bgcolor=\"#ced7e7\" width=\"71\">\n<p align=\"CENTER\"><span style=\"color: #000000;\"><span style=\"font-family: Cambria, serif;\"><span style=\"font-size: small;\">X<\/span><\/span><\/span><\/p>\n<\/td>\n<\/tr>\n<tr valign=\"TOP\">\n<td bgcolor=\"#4f81bd\" width=\"364\" height=\"30\">\n<p align=\"LEFT\"><span style=\"color: #ffffff;\"><span style=\"font-family: Cambria, serif;\"><span style=\"font-size: small;\">Listing as Sponsor in <span class=\"tlid-translation translation\" lang=\"en\"><span class=\"\" title=\"\">program booklet<\/span><\/span><br \/>\n<\/span><\/span><\/span><\/p>\n<\/td>\n<td bgcolor=\"#e8ecf3\" width=\"81\">\n<p align=\"CENTER\"><span style=\"color: #000000;\"><span style=\"font-family: Cambria, serif;\"><span style=\"font-size: small;\">X<\/span><\/span><\/span><\/p>\n<\/td>\n<td bgcolor=\"#e8ecf3\" width=\"86\">\n<p align=\"CENTER\"><span style=\"color: #000000;\"><span style=\"font-family: Cambria, serif;\"><span style=\"font-size: small;\">X<\/span><\/span><\/span><\/p>\n<\/td>\n<td bgcolor=\"#e8ecf3\" width=\"71\">\n<p align=\"CENTER\"><span style=\"color: #000000;\"><span style=\"font-family: Cambria, serif;\"><span style=\"font-size: small;\">X<\/span><\/span><\/span><\/p>\n<\/td>\n<\/tr>\n<tr valign=\"TOP\">\n<td bgcolor=\"#4f81bd\" width=\"364\" height=\"30\">\n<p align=\"LEFT\"><span style=\"color: #ffffff;\"><span style=\"font-family: Cambria, serif;\"><span style=\"font-size: small;\">Logo on invitation -flyer<\/span><\/span><\/span><\/p>\n<\/td>\n<td bgcolor=\"#ced7e7\" width=\"81\"><\/td>\n<td bgcolor=\"#ced7e7\" width=\"86\">\n<p align=\"CENTER\"><span style=\"color: #000000;\"><span style=\"font-family: Cambria, serif;\"><span style=\"font-size: small;\">X<\/span><\/span><\/span><\/p>\n<\/td>\n<td bgcolor=\"#ced7e7\" width=\"71\">\n<p align=\"CENTER\"><span style=\"color: #000000;\"><span style=\"font-family: Cambria, serif;\"><span style=\"font-size: small;\">X<\/span><\/span><\/span><\/p>\n<\/td>\n<\/tr>\n<tr valign=\"TOP\">\n<td bgcolor=\"#4f81bd\" width=\"364\" height=\"30\">\n<p align=\"LEFT\"><span style=\"color: #ffffff;\"><span style=\"font-family: Cambria, serif;\"><span style=\"font-size: small;\">Logo on convention-briefcase<\/span><\/span><\/span><\/p>\n<\/td>\n<td bgcolor=\"#e8ecf3\" width=\"81\">x<\/td>\n<td bgcolor=\"#e8ecf3\" width=\"86\">x<\/td>\n<td bgcolor=\"#e8ecf3\" width=\"71\">\n<p align=\"CENTER\"><span style=\"color: #000000;\"><span style=\"font-family: Cambria, serif;\"><span style=\"font-size: small;\">X<\/span><\/span><\/span><\/p>\n<\/td>\n<\/tr>\n<tr valign=\"TOP\">\n<td bgcolor=\"#4f81bd\" width=\"364\" height=\"30\">\n<p align=\"LEFT\"><span style=\"color: #ffffff;\"><span style=\"font-family: Cambria, serif;\"><span style=\"font-size: small;\">Give aways exhibited on seats<br \/>\n<\/span><\/span><\/span><\/p>\n<\/td>\n<td bgcolor=\"#ced7e7\" width=\"81\">\n<p align=\"CENTER\"><span style=\"color: #000000;\"><span style=\"font-family: Cambria, serif;\"><span style=\"font-size: small;\">X<\/span><\/span><\/span><\/p>\n<\/td>\n<td bgcolor=\"#ced7e7\" width=\"86\">\n<p align=\"CENTER\"><span style=\"color: #000000;\"><span style=\"font-family: Cambria, serif;\"><span style=\"font-size: small;\">X<\/span><\/span><\/span><\/p>\n<\/td>\n<td bgcolor=\"#ced7e7\" width=\"71\">\n<p align=\"CENTER\"><span style=\"color: #000000;\"><span style=\"font-family: Cambria, serif;\"><span style=\"font-size: small;\">X<\/span><\/span><\/span><\/p>\n<\/td>\n<\/tr>\n<tr valign=\"TOP\">\n<td bgcolor=\"#4f81bd\" width=\"364\" height=\"30\">\n<p align=\"LEFT\"><span style=\"color: #ffffff;\"><span style=\"font-family: Cambria, serif;\"><span style=\"font-size: small;\">Use of IOB-logo in print- and online -campaigns<\/span><\/span><\/span><\/p>\n<\/td>\n<td bgcolor=\"#e8ecf3\" width=\"81\">\n<p align=\"CENTER\"><span style=\"color: #000000;\"><span style=\"font-family: Cambria, serif;\"><span style=\"font-size: small;\">X<\/span><\/span><\/span><\/p>\n<\/td>\n<td bgcolor=\"#e8ecf3\" width=\"86\">\n<p align=\"CENTER\"><span style=\"color: #000000;\"><span style=\"font-family: Cambria, serif;\"><span style=\"font-size: small;\">X<\/span><\/span><\/span><\/p>\n<\/td>\n<td bgcolor=\"#e8ecf3\" width=\"71\">\n<p align=\"CENTER\"><span style=\"color: #000000;\"><span style=\"font-family: Cambria, serif;\"><span style=\"font-size: small;\">X<\/span><\/span><\/span><\/p>\n<\/td>\n<\/tr>\n<tr valign=\"TOP\">\n<td bgcolor=\"#4f81bd\" width=\"364\" height=\"30\">\n<p align=\"LEFT\"><span style=\"color: #ffffff;\"><span style=\"font-family: Cambria, serif;\"><span style=\"font-size: small;\">5-minute company or product <span class=\"tlid-translation translation\" lang=\"en\"><span class=\"\" title=\"\">presentation<\/span><\/span><\/span><\/span><\/span><\/p>\n<\/td>\n<td bgcolor=\"#ced7e7\" width=\"81\"><\/td>\n<td bgcolor=\"#ced7e7\" width=\"86\"><\/td>\n<td bgcolor=\"#ced7e7\" width=\"71\">\n<p align=\"CENTER\"><span style=\"color: #000000;\"><span style=\"font-family: Cambria, serif;\"><span style=\"font-size: small;\">X<\/span><\/span><\/span><\/p>\n<\/td>\n<\/tr>\n<tr valign=\"TOP\">\n<td bgcolor=\"#4f81bd\" width=\"364\" height=\"40\">\n<p align=\"LEFT\"><span style=\"color: #ffffff;\"><span style=\"font-family: Cambria, serif;\"><span style=\"font-size: small;\">Sponsoring of one coffee-break, lunch, gala-diner additional, see below<br \/>\n<\/span><\/span><\/span><\/p>\n<\/td>\n<td bgcolor=\"#e8ecf3\" width=\"81\"><\/td>\n<td bgcolor=\"#e8ecf3\" width=\"86\">\n<p align=\"CENTER\"><span style=\"color: #000000;\"><span style=\"font-family: Cambria, serif;\"><span style=\"font-size: small;\">X<\/span><\/span><\/span><\/p>\n<\/td>\n<td bgcolor=\"#e8ecf3\" width=\"71\">\n<p align=\"CENTER\"><span style=\"color: #000000;\"><span style=\"font-family: Cambria, serif;\"><span style=\"font-size: small;\">X<\/span><\/span><\/span><\/p>\n<\/td>\n<\/tr>\n<\/tbody>\n<\/table>\n<p>Coffee breaks, lunches and gala dinners can be additionally sponsored or exhibition space can be rented. Two sponsors can book for each break, promoted by poster or beachflag during the event.<\/p>\n<p>[products columns=\u00bb5&#8243; ids=\u00bb2027,2029,2031,2033,2035&#8243; ]<\/p>\n<table border=\"1\" width=\"604\" cellspacing=\"0\" cellpadding=\"0\">\n<colgroup>\n<col width=\"444\" \/>\n<col width=\"158\" \/> <\/colgroup>\n<thead>\n<tr valign=\"TOP\">\n<td bgcolor=\"#4f81bd\" width=\"444\" height=\"29\">\n<p align=\"LEFT\"><span style=\"color: #ffffff;\"><span style=\"font-family: Cambria, serif;\"><span style=\"font-size: large;\"><b>Upgrades<\/b><\/span><\/span><\/span><\/p>\n<\/td>\n<td bgcolor=\"#4f81bd\" width=\"158\">\n<p align=\"LEFT\"><span style=\"color: #ffffff;\"><span style=\"font-family: Cambria, serif;\"><span style=\"font-size: large;\"><b>Sponsoring-Betrag<\/b><\/span><\/span><\/span><\/p>\n<\/td>\n<\/tr>\n<\/thead>\n<tbody>\n<tr valign=\"TOP\">\n<td bgcolor=\"#ced7e7\" width=\"444\" height=\"30\">\n<p align=\"LEFT\"><span style=\"color: #000000;\"><span style=\"font-family: Cambria, serif;\"><span style=\"font-size: small;\">Exhibition area (sponsor, premium or additional area for gold ) 2x3m<\/span><\/span><\/span><\/p>\n<\/td>\n<td bgcolor=\"#ced7e7\" width=\"158\">\n<p align=\"CENTER\"><span style=\"color: #000000;\"><span style=\"font-family: Cambria, serif;\"><span style=\"font-size: small;\">750<\/span><\/span><\/span><\/p>\n<\/td>\n<\/tr>\n<tr valign=\"TOP\">\n<td bgcolor=\"#e8ecf3\" width=\"444\" height=\"30\">\n<p align=\"LEFT\"><span style=\"color: #000000;\"><span style=\"font-family: Cambria, serif;\"><span style=\"font-size: small;\">1\/2 coffee break<br \/>\n<\/span><\/span><\/span><\/p>\n<\/td>\n<td bgcolor=\"#e8ecf3\" width=\"158\">\n<p align=\"CENTER\"><span style=\"color: #000000;\"><span style=\"font-family: Cambria, serif;\"><span style=\"font-size: small;\">350<\/span><\/span><\/span><\/p>\n<\/td>\n<\/tr>\n<tr valign=\"TOP\">\n<td bgcolor=\"#ced7e7\" width=\"444\" height=\"30\">\n<p align=\"LEFT\"><span style=\"color: #000000;\"><span style=\"font-family: Cambria, serif;\"><span style=\"font-size: small;\">1\/2 lunch<\/span><\/span><\/span><\/p>\n<\/td>\n<td bgcolor=\"#ced7e7\" width=\"158\">\n<p align=\"CENTER\"><span style=\"color: #000000;\"><span style=\"font-family: Cambria, serif;\"><span style=\"font-size: small;\">500<\/span><\/span><\/span><\/p>\n<\/td>\n<\/tr>\n<tr valign=\"TOP\">\n<td bgcolor=\"#e8ecf3\" width=\"444\" height=\"30\">\n<p align=\"LEFT\"><span style=\"color: #000000;\"><span style=\"font-family: Cambria, serif;\"><span style=\"font-size: small;\">1\/2 galadinner<\/span><\/span><\/span><\/p>\n<\/td>\n<td bgcolor=\"#e8ecf3\" width=\"158\">\n<p align=\"CENTER\"><span style=\"color: #000000;\"><span style=\"font-family: Cambria, serif;\"><span style=\"font-size: small;\">1000<\/span><\/span><\/span><\/p>\n<\/td>\n<\/tr>\n<tr valign=\"TOP\">\n<td bgcolor=\"#ced7e7\" width=\"444\" height=\"29\">\n<p align=\"LEFT\"><span style=\"color: #000000;\"><span style=\"font-family: Cambria, serif;\"><span style=\"font-size: small;\">1\/2 open bar galadinner<\/span><\/span><\/span><\/p>\n<\/td>\n<td bgcolor=\"#ced7e7\" width=\"158\">\n<p align=\"CENTER\"><span style=\"color: #000000;\"><span style=\"font-family: Cambria, serif;\"><span style=\"font-size: small;\">1000<\/span><\/span><\/span><\/p>\n<\/td>\n<\/tr>\n<\/tbody>\n<\/table>\n<p><\/p>","protected":false},"excerpt":{"rendered":"<p>\u00a1Utilice las sinergias como patrocinador para y en la XI Convenci\u00f3n Internacional de Estanques de Nataci\u00f3n 2021 en Portugal! La Convenci\u00f3n espera [&hellip;]<\/p>\n","protected":false},"author":1,"featured_media":0,"parent":0,"menu_order":0,"comment_status":"closed","ping_status":"closed","template":"","meta":{"footnotes":""},"class_list":["post-1384","page","type-page","status-publish","hentry"],"_links":{"self":[{"href":"https:\/\/media.iob-ev.com\/es\/wp-json\/wp\/v2\/pages\/1384","targetHints":{"allow":["GET"]}}],"collection":[{"href":"https:\/\/media.iob-ev.com\/es\/wp-json\/wp\/v2\/pages"}],"about":[{"href":"https:\/\/media.iob-ev.com\/es\/wp-json\/wp\/v2\/types\/page"}],"author":[{"embeddable":true,"href":"https:\/\/media.iob-ev.com\/es\/wp-json\/wp\/v2\/users\/1"}],"replies":[{"embeddable":true,"href":"https:\/\/media.iob-ev.com\/es\/wp-json\/wp\/v2\/comments?post=1384"}],"version-history":[{"count":16,"href":"https:\/\/media.iob-ev.com\/es\/wp-json\/wp\/v2\/pages\/1384\/revisions"}],"predecessor-version":[{"id":4147,"href":"https:\/\/media.iob-ev.com\/es\/wp-json\/wp\/v2\/pages\/1384\/revisions\/4147"}],"wp:attachment":[{"href":"https:\/\/media.iob-ev.com\/es\/wp-json\/wp\/v2\/media?parent=1384"}],"curies":[{"name":"wp","href":"https:\/\/api.w.org\/{rel}","templated":true}]}}