{"id":1584,"date":"2019-02-11T16:26:09","date_gmt":"2019-02-11T15:26:09","guid":{"rendered":"https:\/\/media.iob-ev.com\/?page_id=1584"},"modified":"2020-12-01T12:19:29","modified_gmt":"2020-12-01T11:19:29","slug":"anmeldeformular-messeausteller","status":"publish","type":"page","link":"https:\/\/media.iob-ev.com\/es\/anmeldeformular-messeausteller\/","title":{"rendered":"FORMULARIO DE SOLICITUD EXPOSITOR"},"content":{"rendered":"<p>Las empresas que quieran exponer en esta feria ya pueden descargar el formulario de reserva e informarse all\u00ed de los costes. En breve proporcionaremos una persona de contacto portuguesa que coordinar\u00e1 los stands de las empresas expositoras y que podr\u00e1 ayudar con cualquier pregunta.<\/p>\n<p>DESCARGAR PDF Haga clic aqu\u00ed para obtener la solicitud FIRST_2019 &#8211; pr\u00f3ximamente<\/p>\n<p>Compruebe el directorio de descarga despu\u00e9s de hacer clic<\/p>","protected":false},"excerpt":{"rendered":"<p>Las empresas que quieran exponer en esta feria ya pueden descargar el formulario de reserva e informarse all\u00ed de los costes. En [&hellip;]<\/p>\n","protected":false},"author":1,"featured_media":0,"parent":0,"menu_order":0,"comment_status":"closed","ping_status":"closed","template":"","meta":{"footnotes":""},"class_list":["post-1584","page","type-page","status-publish","hentry"],"_links":{"self":[{"href":"https:\/\/media.iob-ev.com\/es\/wp-json\/wp\/v2\/pages\/1584","targetHints":{"allow":["GET"]}}],"collection":[{"href":"https:\/\/media.iob-ev.com\/es\/wp-json\/wp\/v2\/pages"}],"about":[{"href":"https:\/\/media.iob-ev.com\/es\/wp-json\/wp\/v2\/types\/page"}],"author":[{"embeddable":true,"href":"https:\/\/media.iob-ev.com\/es\/wp-json\/wp\/v2\/users\/1"}],"replies":[{"embeddable":true,"href":"https:\/\/media.iob-ev.com\/es\/wp-json\/wp\/v2\/comments?post=1584"}],"version-history":[{"count":18,"href":"https:\/\/media.iob-ev.com\/es\/wp-json\/wp\/v2\/pages\/1584\/revisions"}],"predecessor-version":[{"id":4047,"href":"https:\/\/media.iob-ev.com\/es\/wp-json\/wp\/v2\/pages\/1584\/revisions\/4047"}],"wp:attachment":[{"href":"https:\/\/media.iob-ev.com\/es\/wp-json\/wp\/v2\/media?parent=1584"}],"curies":[{"name":"wp","href":"https:\/\/api.w.org\/{rel}","templated":true}]}}