{"id":1632,"date":"2019-02-12T00:37:38","date_gmt":"2019-02-11T23:37:38","guid":{"rendered":"https:\/\/media.iob-ev.com\/?page_id=1632"},"modified":"2020-11-30T18:21:20","modified_gmt":"2020-11-30T17:21:20","slug":"programm-sternfahrt","status":"publish","type":"page","link":"https:\/\/media.iob-ev.com\/es\/programm-sternfahrt\/","title":{"rendered":"Rally"},"content":{"rendered":"<p>Rally de Lisboa, aeropuerto al Algarve, 2 d\u00edas, acompa\u00f1ado por Pedro Couto, un constructor de estanques de nataci\u00f3n con mucha experiencia de Portugal.<\/p>\n<p>RESERVA AQU\u00cd &#8211; en breve<\/p>\n<p>m\u00e1s informaci\u00f3n estar\u00e1 disponible pronto<\/p>","protected":false},"excerpt":{"rendered":"<p>Rally de Lisboa, aeropuerto al Algarve, 2 d\u00edas, acompa\u00f1ado por Pedro Couto, un constructor de estanques de nataci\u00f3n con mucha experiencia de [&hellip;]<\/p>\n","protected":false},"author":1,"featured_media":0,"parent":0,"menu_order":0,"comment_status":"closed","ping_status":"closed","template":"","meta":{"footnotes":""},"class_list":["post-1632","page","type-page","status-publish","hentry"],"_links":{"self":[{"href":"https:\/\/media.iob-ev.com\/es\/wp-json\/wp\/v2\/pages\/1632","targetHints":{"allow":["GET"]}}],"collection":[{"href":"https:\/\/media.iob-ev.com\/es\/wp-json\/wp\/v2\/pages"}],"about":[{"href":"https:\/\/media.iob-ev.com\/es\/wp-json\/wp\/v2\/types\/page"}],"author":[{"embeddable":true,"href":"https:\/\/media.iob-ev.com\/es\/wp-json\/wp\/v2\/users\/1"}],"replies":[{"embeddable":true,"href":"https:\/\/media.iob-ev.com\/es\/wp-json\/wp\/v2\/comments?post=1632"}],"version-history":[{"count":16,"href":"https:\/\/media.iob-ev.com\/es\/wp-json\/wp\/v2\/pages\/1632\/revisions"}],"predecessor-version":[{"id":4031,"href":"https:\/\/media.iob-ev.com\/es\/wp-json\/wp\/v2\/pages\/1632\/revisions\/4031"}],"wp:attachment":[{"href":"https:\/\/media.iob-ev.com\/es\/wp-json\/wp\/v2\/media?parent=1632"}],"curies":[{"name":"wp","href":"https:\/\/api.w.org\/{rel}","templated":true}]}}