{"id":3849,"date":"2020-10-01T11:19:50","date_gmt":"2020-10-01T09:19:50","guid":{"rendered":"https:\/\/iob-ev.com\/?page_id=3849"},"modified":"2020-12-14T17:46:24","modified_gmt":"2020-12-14T16:46:24","slug":"internationaler-schwimmteich-kongress-2021","status":"publish","type":"page","link":"https:\/\/media.iob-ev.com\/es\/","title":{"rendered":"CONGRESO INTERNACIONAL 2021"},"content":{"rendered":"<div id=\"pl-3849\"  class=\"panel-layout\" ><div id=\"pg-3849-0\"  class=\"panel-grid panel-has-style\" ><div style=\"padding: 1px 0; \" data-overlay=\"true\" data-overlay-color=\"#000000\" class=\"panel-row-style panel-row-style-for-3849-0\" ><div id=\"pgc-3849-0-0\"  class=\"panel-grid-cell\" ><div id=\"panel-3849-0-0-0\" class=\"so-panel widget widget_sow-editor panel-first-child panel-last-child\" data-index=\"0\" ><div style=\"text-align: left;\" data-title-color=\"#443f3f\" data-headings-color=\"#443f3f\" class=\"panel-widget-style panel-widget-style-for-3849-0-0-0\" ><div\n\t\t\t\n\t\t\tclass=\"so-widget-sow-editor so-widget-sow-editor-base\"\n\t\t\t\n\t\t>\n<div class=\"siteorigin-widget-tinymce textwidget\">\n\t<h3><\/h3>\n<h3><span lang=\"es\">\u00a1Conozca a los expertos bajo el lema \"Soluci\u00f3n basada en la naturaleza\" para el XI Congreso IOB en Portugal!<\/span><\/h3>\n<\/div>\n<\/div><\/div><\/div><\/div><\/div><\/div><div id=\"pg-3849-1\"  class=\"panel-grid panel-has-style\" ><div style=\"padding: 1px 0; \" data-overlay=\"true\" data-overlay-color=\"#000000\" class=\"panel-row-style panel-row-style-for-3849-1\" ><div id=\"pgc-3849-1-0\"  class=\"panel-grid-cell\" ><div id=\"panel-3849-1-0-0\" class=\"so-panel widget widget_sydney_action sydney_action_widget panel-first-child panel-last-child\" data-index=\"1\" ><div style=\"text-align: left;\" id=\"12\" data-title-color=\"#443f3f\" data-headings-color=\"#443f3f\" class=\"panel-widget-style panel-widget-style-for-3849-1-0-0\" >        <div class=\"roll-promobox \">\r\n\t\t\t<div class=\"promo-wrap\">\r\n\t\t\t\t\t\t\t\t<div class=\"promo-controls\">\r\n\t\t\t\t\t<a href=\"https:\/\/media.iob-ev.com\/programm-11ter-iob-kongress\/\" class=\"roll-button border\">programa y conferencias - descargas<\/a>\r\n\t\t\t\t<\/div>\r\n\t\t\t<\/div>\r\n        <\/div>\r\n\t<\/div><\/div><\/div><\/div><\/div><div id=\"pg-3849-2\"  class=\"panel-grid panel-has-style\" ><div style=\"padding: 10px 0; \" data-overlay=\"true\" data-overlay-color=\"#000000\" class=\"panel-row-style panel-row-style-for-3849-2\" ><div id=\"pgc-3849-2-0\"  class=\"panel-grid-cell\" ><div id=\"panel-3849-2-0-0\" class=\"so-panel widget widget_sow-editor panel-first-child panel-last-child\" data-index=\"2\" ><div style=\"text-align: left;\" data-title-color=\"#443f3f\" data-headings-color=\"#443f3f\" class=\"panel-widget-style panel-widget-style-for-3849-2-0-0\" ><div\n\t\t\t\n\t\t\tclass=\"so-widget-sow-editor so-widget-sow-editor-base\"\n\t\t\t\n\t\t>\n<div class=\"siteorigin-widget-tinymce textwidget\">\n\t<\/p>\n<h3>Albufeira, del 6 al 7 de octubre de 2021<\/h3>\n<p><a href=\"https:\/\/media.iob-ev.com\/programm-11ter-iob-kongress\/\">para programa de discursos haga clic aqu\u00ed &gt;&gt;&gt;<\/a><\/p>\n<p>Desde 1999, el Congreso Internacional de Estanques de Nataci\u00f3n bienal ha sido una fuente de inspiraci\u00f3n para nuevas ideas e innovaci\u00f3n, as\u00ed como un centro para el intercambio interdisciplinario de empresas especializadas y fabricantes que planifican, construyen, suministran, operan y eval\u00faan las aguas de ba\u00f1o naturales.<br \/>\nLa experiencia ser\u00e1 transmitida a los participantes por destacados oradores de este Congreso.<br \/>\nEl XI Congreso Internacional de Estanques de Nataci\u00f3n tendr\u00e1 lugar los d\u00edas 5 y 6 de octubre de 2021 en Albufeira, Algarve, Portugal. El concepto probado del 10\u00ba Congreso en Varsovia se ha asumido en gran medida.<br \/>\nEl lugar es el Club Med DaBalaia, directamente en la costa de Atlantik, un moderno y lujoso complejo vacacional con una excelente calificaci\u00f3n de viajeros. Salas de conferencias, talleres, exposici\u00f3n en el vest\u00edbulo, salas y restaurante se encuentran en las inmediaciones y dentro del complejo.<br \/>\nPor primera vez en la historia del Congreso Internacional, el hotel dispone de un gran estanque para nadar. \u00a1No solo para conversar, sino tambi\u00e9n para nadar!<\/p>\n<p>Las empresas que deseen exponer en esta feria pueden descargar muy pronto el formulario de reserva y obtener informaci\u00f3n sobre los gastos incurridos. Pr\u00f3ximamente podremos proporcionar un contacto que pueda coordinar los stands de las empresas expositoras y ayudar con cualquier duda.<br \/>\n<a href=\"https:\/\/media.iob-ev.com\/anmeldeformular-messeausteller\/\"><span style=\"color: #008000;\">Haga clic aqu\u00ed para ir a la p\u00e1gina de descarga <\/span><\/a><br \/>\nM\u00e1s informaci\u00f3n pr\u00f3ximamente.<\/p>\n<h4><a href=\"https:\/\/iob-ev.com\/pondy-award\/\">Pondy Award<\/a><\/h4>\n<p>Como patrocinador del Congreso Internacional de Estanques de Nataci\u00f3n y organizaci\u00f3n coordinadora de expertos mundiales en estanques de nataci\u00f3n, la Organizaci\u00f3n Internacional para el Agua de Ba\u00f1o Natural (IOB) ha lanzado el Premio Pondy.<br \/>\nTodos los participantes del congreso podr\u00e1n votar por los ganadores del PREMIO PONDY internacional durante el congreso, que ser\u00e1 anunciado nuevamente por el IOB en 2021.<\/p>\n<p><a href=\"https:\/\/iob-ev.com\/pondy-award-2011\/\"><strong>Los nominados para 2021 se presentar\u00e1n en nuestra p\u00e1gina de Pondy a su debido tiempo.<\/strong><\/a><\/p>\n<p>\n<a href=\"https:\/\/iob-ev.com\/wp-content\/uploads\/2020\/10\/map-albufeira.jpg\"><img decoding=\"async\" class=\"aligncenter size-full wp-image-3915 lazyload\" data-src=\"https:\/\/iob-ev.com\/wp-content\/uploads\/2020\/10\/map-albufeira.jpg\" alt=\"\" width=\"1189\" height=\"794\" src=\"data:image\/svg+xml;base64,PHN2ZyB3aWR0aD0iMSIgaGVpZ2h0PSIxIiB4bWxucz0iaHR0cDovL3d3dy53My5vcmcvMjAwMC9zdmciPjwvc3ZnPg==\" style=\"--smush-placeholder-width: 1189px; --smush-placeholder-aspect-ratio: 1189\/794;\" \/><\/a><\/p>\n<\/div>\n<\/div><\/div><\/div><\/div><\/div><\/div><div id=\"pg-3849-3\"  class=\"panel-grid panel-has-style\" ><div style=\"padding: 100px 0; \" data-overlay=\"true\" data-overlay-color=\"#000000\" class=\"panel-row-style panel-row-style-for-3849-3\" ><div id=\"pgc-3849-3-0\"  class=\"panel-grid-cell\" ><div id=\"panel-3849-3-0-0\" class=\"so-panel widget widget_sow-editor panel-first-child\" data-index=\"3\" ><div style=\"text-align: left;\" data-title-color=\"#443f3f\" data-headings-color=\"#443f3f\" class=\"panel-widget-style panel-widget-style-for-3849-3-0-0\" ><div\n\t\t\t\n\t\t\tclass=\"so-widget-sow-editor so-widget-sow-editor-base\"\n\t\t\t\n\t\t><h3 class=\"widget-title\">Sponsoring<\/h3>\n<div class=\"siteorigin-widget-tinymce textwidget\">\n\t<p><b><br \/>\n<b> \u00a1Utilice las sinergias como patrocinador para y en el XI Congreso Internacional de Estanques de Nataci\u00f3n 2021 en Portugal!<\/b><\/p>\n<p>La Schwimmteichkongress espera cada d\u00eda hasta 250 visitantes de todo el mundo.<\/p>\n<p><b>Como empresa innovadora, presentar\u00e1 sus ideas y productos por primera vez directamente en el congreso desde el escenario mediante una presentaci\u00f3n de 3 minutos <\/b> del patrocinador con un m\u00e1ximo de tres diapositivas (producto, servicio, presentaci\u00f3n de la empresa, etc.) desde el podio hasta la audiencia del congreso entre conferenciantes individuales. Las presentaciones pueden ser en alem\u00e1n, ingl\u00e9s u holand\u00e9s y se traducen simult\u00e1neamente.<br \/>\nAdem\u00e1s, cada patrocinador recibe la inclusi\u00f3n de su logo en la p\u00e1gina de inicio oficial del Congreso IOB.<\/p>\n<p><span class=\"tlid-translation translation\" lang=\"en\"><span class=\"\" title=\"\">Los siguientes paquetes de patrocinio est\u00e1n disponibles para apoyar el Congreso IOB: pr\u00f3ximamente<\/p>\n<p><\/span><\/span><\/p>\n<\/div>\n<\/div><\/div><\/div><div id=\"panel-3849-3-0-1\" class=\"so-panel widget widget_sow-post-carousel panel-last-child\" data-index=\"4\" ><div style=\"text-align: left;\" data-title-color=\"#443f3f\" data-headings-color=\"#443f3f\" class=\"panel-widget-style panel-widget-style-for-3849-3-0-1\" ><div\n\t\t\t\n\t\t\tclass=\"so-widget-sow-post-carousel so-widget-sow-post-carousel-base-5fcd32e61bf7-3849\"\n\t\t\t\n\t\t>\t<div\n\t\tclass=\"sow-post-carousel-wrapper sow-post-carousel-theme-base\"\n\t\tstyle=\"overflow: hidden; max-width: 100%; min-height: 150px\"\n\t>\n\t\t<div class=\"sow-carousel-title\">\n\t\t\t<div class=\"sow-carousel-navigation \">\n\t\t\t\t\t\t<a href=\"#\" class=\"sow-carousel-next\" title=\"Siguiente\" aria-label=\"Entradas siguientes\" role=\"button\"><\/a>\n\t\t\t\t\t\t<a href=\"#\" class=\"sow-carousel-previous\" title=\"Anterior\" aria-label=\"Entradas anteriores\" role=\"button\"><\/a>\n\t\t\t\t\t<\/div>\n\t<\/div>\n\n<div class=\"sow-carousel-container \">\n\t\t<div class=\"sow-carousel-wrapper\"\n\t\tdata-dir=\"ltr\"\n\t\tstyle=\"opacity: 0;\"\n\t\tdata-widget=\"post\" data-fetching=\"false\" data-page=\"1\" data-ajax-url=\"https:\/\/media.iob-ev.com\/wp-admin\/admin-ajax.php?_widgets_nonce=da77f9dcc3\" data-item_count=\"13\" data-carousel_settings=\"{&quot;loop&quot;:true,&quot;animation&quot;:&quot;Ease&quot;,&quot;animation_speed&quot;:400,&quot;autoplay&quot;:&quot;&quot;,&quot;pauseOnHover&quot;:&quot;&quot;,&quot;autoplaySpeed&quot;:8000,&quot;item_overflow&quot;:true,&quot;autoplay_continuous_scroll&quot;:false}\" data-responsive=\"{&quot;desktop_slides_to_scroll&quot;:1,&quot;tablet_landscape_breakpoint&quot;:1366,&quot;tablet_landscape_slides_to_scroll&quot;:2,&quot;tablet_portrait_breakpoint&quot;:1025,&quot;tablet_portrait_slides_to_scroll&quot;:2,&quot;mobile_breakpoint&quot;:480,&quot;mobile_slides_to_scroll&quot;:1}\" data-variable_width=\"true\" \t>\n\t\t<div\n\t\t\tclass=\"sow-carousel-items\"\n\t\t\t\t\t>\n\t\t\t\t<div class=\"sow-carousel-item\" tabindex=\"-1\" style=\"float: left;\">\n\t\t<div class=\"sow-carousel-thumbnail\">\n\t\t\t\t\t\t\t<a\n\t\t\t\t\thref=\"https:\/\/media.iob-ev.com\/es\/2018\/12\/14\/roessle-new-sponsor\/\"\n\t\t\t\t\t\t\t\t\t\tstyle=\"background-image:inherit\"\n\t\t\t\t\taria-labelledby=\"sow-carousel-id-1348\"\n\t\t\t\t\ttabindex=\"-1\"\n\t\t\t\t data-bg-image=\"url( https:\/\/media.iob-ev.com\/wp-content\/uploads\/2019\/03\/logo-roessle-iob-150x150.jpg )\" class=\"lazyload\">\n\t\t\t\t\t<span class=\"overlay\"><\/span>\n\t\t\t\t<\/a>\n\t\t\t\t\t<\/div>\n\t\t<h3 class=\"sow-carousel-item-title\">\n\t\t\t<a\n\t\t\t\thref=\"https:\/\/media.iob-ev.com\/es\/2018\/12\/14\/roessle-new-sponsor\/\"\n\t\t\t\tid=\"sow-carousel-id-1348\"\n\t\t\t\t\t\t\t\ttabindex=\"-1\"\n\t\t\t>\n\n\t\t\t\tRoessle &#8211; Gold Sponsor\t\t\t<\/a>\n\t\t<\/h3>\n\t<\/div>\n\t\t<div class=\"sow-carousel-item\" tabindex=\"-1\" style=\"float: left;\">\n\t\t<div class=\"sow-carousel-thumbnail\">\n\t\t\t\t\t\t\t<a\n\t\t\t\t\thref=\"https:\/\/media.iob-ev.com\/es\/2018\/12\/14\/1350\/\"\n\t\t\t\t\t\t\t\t\t\tstyle=\"background-image:inherit\"\n\t\t\t\t\taria-labelledby=\"sow-carousel-id-1350\"\n\t\t\t\t\ttabindex=\"-1\"\n\t\t\t\t data-bg-image=\"url( https:\/\/media.iob-ev.com\/wp-content\/uploads\/2019\/05\/polyplan-logo-150x150.jpg )\" class=\"lazyload\">\n\t\t\t\t\t<span class=\"overlay\"><\/span>\n\t\t\t\t<\/a>\n\t\t\t\t\t<\/div>\n\t\t<h3 class=\"sow-carousel-item-title\">\n\t\t\t<a\n\t\t\t\thref=\"https:\/\/media.iob-ev.com\/es\/2018\/12\/14\/1350\/\"\n\t\t\t\tid=\"sow-carousel-id-1350\"\n\t\t\t\t\t\t\t\ttabindex=\"-1\"\n\t\t\t>\n\n\t\t\t\tPolyplan &#8211; Premium Sponsor\t\t\t<\/a>\n\t\t<\/h3>\n\t<\/div>\n\t\t<div class=\"sow-carousel-item\" tabindex=\"-1\" style=\"float: left;\">\n\t\t<div class=\"sow-carousel-thumbnail\">\n\t\t\t\t\t\t\t<a\n\t\t\t\t\thref=\"https:\/\/media.iob-ev.com\/es\/2019\/05\/29\/sibo-fluidra-gold-sponsor\/\"\n\t\t\t\t\t\t\t\t\t\tstyle=\"background-image:inherit\"\n\t\t\t\t\taria-labelledby=\"sow-carousel-id-2133\"\n\t\t\t\t\ttabindex=\"-1\"\n\t\t\t\t data-bg-image=\"url( https:\/\/media.iob-ev.com\/wp-content\/uploads\/2019\/05\/Sibo_Fluidra-Log-new-150x150.jpg )\" class=\"lazyload\">\n\t\t\t\t\t<span class=\"overlay\"><\/span>\n\t\t\t\t<\/a>\n\t\t\t\t\t<\/div>\n\t\t<h3 class=\"sow-carousel-item-title\">\n\t\t\t<a\n\t\t\t\thref=\"https:\/\/media.iob-ev.com\/es\/2019\/05\/29\/sibo-fluidra-gold-sponsor\/\"\n\t\t\t\tid=\"sow-carousel-id-2133\"\n\t\t\t\t\t\t\t\ttabindex=\"-1\"\n\t\t\t>\n\n\t\t\t\tSIBO Fluidra &#8211; Gold Sponsor\t\t\t<\/a>\n\t\t<\/h3>\n\t<\/div>\n\t\t<div class=\"sow-carousel-item\" tabindex=\"-1\" style=\"float: left;\">\n\t\t<div class=\"sow-carousel-thumbnail\">\n\t\t\t\t\t\t\t<a\n\t\t\t\t\thref=\"https:\/\/media.iob-ev.com\/es\/2019\/05\/31\/hydrobalance-premium-sponsor\/\"\n\t\t\t\t\t\t\t\t\t\tstyle=\"background-image:inherit\"\n\t\t\t\t\taria-labelledby=\"sow-carousel-id-2174\"\n\t\t\t\t\ttabindex=\"-1\"\n\t\t\t\t data-bg-image=\"url( https:\/\/media.iob-ev.com\/wp-content\/uploads\/2019\/05\/hydrobalance-logo-150x150.jpg )\" class=\"lazyload\">\n\t\t\t\t\t<span class=\"overlay\"><\/span>\n\t\t\t\t<\/a>\n\t\t\t\t\t<\/div>\n\t\t<h3 class=\"sow-carousel-item-title\">\n\t\t\t<a\n\t\t\t\thref=\"https:\/\/media.iob-ev.com\/es\/2019\/05\/31\/hydrobalance-premium-sponsor\/\"\n\t\t\t\tid=\"sow-carousel-id-2174\"\n\t\t\t\t\t\t\t\ttabindex=\"-1\"\n\t\t\t>\n\n\t\t\t\tHydrobalance &#8211; Premium Sponsor\t\t\t<\/a>\n\t\t<\/h3>\n\t<\/div>\n\t\t<div class=\"sow-carousel-item\" tabindex=\"-1\" style=\"float: left;\">\n\t\t<div class=\"sow-carousel-thumbnail\">\n\t\t\t\t\t\t\t<a\n\t\t\t\t\thref=\"https:\/\/media.iob-ev.com\/es\/2019\/05\/31\/oase-gold-sponsor\/\"\n\t\t\t\t\t\t\t\t\t\tstyle=\"background-image:inherit\"\n\t\t\t\t\taria-labelledby=\"sow-carousel-id-2179\"\n\t\t\t\t\ttabindex=\"-1\"\n\t\t\t\t data-bg-image=\"url( https:\/\/media.iob-ev.com\/wp-content\/uploads\/2019\/05\/Oase-logo-150x150.jpg )\" class=\"lazyload\">\n\t\t\t\t\t<span class=\"overlay\"><\/span>\n\t\t\t\t<\/a>\n\t\t\t\t\t<\/div>\n\t\t<h3 class=\"sow-carousel-item-title\">\n\t\t\t<a\n\t\t\t\thref=\"https:\/\/media.iob-ev.com\/es\/2019\/05\/31\/oase-gold-sponsor\/\"\n\t\t\t\tid=\"sow-carousel-id-2179\"\n\t\t\t\t\t\t\t\ttabindex=\"-1\"\n\t\t\t>\n\n\t\t\t\tOase &#8211; Gold Sponsor\t\t\t<\/a>\n\t\t<\/h3>\n\t<\/div>\n\t\t<div class=\"sow-carousel-item\" tabindex=\"-1\" style=\"float: left;\">\n\t\t<div class=\"sow-carousel-thumbnail\">\n\t\t\t\t\t\t\t<a\n\t\t\t\t\thref=\"https:\/\/media.iob-ev.com\/es\/2019\/06\/12\/schwimmteichnaturpool-sponsor\/\"\n\t\t\t\t\t\t\t\t\t\tstyle=\"background-image:inherit\"\n\t\t\t\t\taria-labelledby=\"sow-carousel-id-2365\"\n\t\t\t\t\ttabindex=\"-1\"\n\t\t\t\t data-bg-image=\"url( https:\/\/media.iob-ev.com\/wp-content\/uploads\/2019\/06\/schwimmteich-Logo-150x150.jpg )\" class=\"lazyload\">\n\t\t\t\t\t<span class=\"overlay\"><\/span>\n\t\t\t\t<\/a>\n\t\t\t\t\t<\/div>\n\t\t<h3 class=\"sow-carousel-item-title\">\n\t\t\t<a\n\t\t\t\thref=\"https:\/\/media.iob-ev.com\/es\/2019\/06\/12\/schwimmteichnaturpool-sponsor\/\"\n\t\t\t\tid=\"sow-carousel-id-2365\"\n\t\t\t\t\t\t\t\ttabindex=\"-1\"\n\t\t\t>\n\n\t\t\t\tSchwimmteich&#038;Naturpool  Sponsor\t\t\t<\/a>\n\t\t<\/h3>\n\t<\/div>\n\t\t<div class=\"sow-carousel-item\" tabindex=\"-1\" style=\"float: left;\">\n\t\t<div class=\"sow-carousel-thumbnail\">\n\t\t\t\t\t\t\t<a\n\t\t\t\t\thref=\"https:\/\/media.iob-ev.com\/es\/2019\/06\/26\/dgfnb-sponsor\/\"\n\t\t\t\t\t\t\t\t\t\tstyle=\"background-image:inherit\"\n\t\t\t\t\taria-labelledby=\"sow-carousel-id-2393\"\n\t\t\t\t\ttabindex=\"-1\"\n\t\t\t\t data-bg-image=\"url( https:\/\/media.iob-ev.com\/wp-content\/uploads\/2017\/01\/545.jpg )\" class=\"lazyload\">\n\t\t\t\t\t<span class=\"overlay\"><\/span>\n\t\t\t\t<\/a>\n\t\t\t\t\t<\/div>\n\t\t<h3 class=\"sow-carousel-item-title\">\n\t\t\t<a\n\t\t\t\thref=\"https:\/\/media.iob-ev.com\/es\/2019\/06\/26\/dgfnb-sponsor\/\"\n\t\t\t\tid=\"sow-carousel-id-2393\"\n\t\t\t\t\t\t\t\ttabindex=\"-1\"\n\t\t\t>\n\n\t\t\t\tDGfnB &#8211; Sponsor\t\t\t<\/a>\n\t\t<\/h3>\n\t<\/div>\n\t\t<div class=\"sow-carousel-item\" tabindex=\"-1\" style=\"float: left;\">\n\t\t<div class=\"sow-carousel-thumbnail\">\n\t\t\t\t\t\t\t<a\n\t\t\t\t\thref=\"https:\/\/media.iob-ev.com\/es\/2019\/07\/31\/parga-sponsor\/\"\n\t\t\t\t\t\t\t\t\t\tstyle=\"background-image:inherit\"\n\t\t\t\t\taria-labelledby=\"sow-carousel-id-2679\"\n\t\t\t\t\ttabindex=\"-1\"\n\t\t\t\t data-bg-image=\"url( https:\/\/media.iob-ev.com\/wp-content\/uploads\/2019\/07\/parga-logo-150x112.jpg )\" class=\"lazyload\">\n\t\t\t\t\t<span class=\"overlay\"><\/span>\n\t\t\t\t<\/a>\n\t\t\t\t\t<\/div>\n\t\t<h3 class=\"sow-carousel-item-title\">\n\t\t\t<a\n\t\t\t\thref=\"https:\/\/media.iob-ev.com\/es\/2019\/07\/31\/parga-sponsor\/\"\n\t\t\t\tid=\"sow-carousel-id-2679\"\n\t\t\t\t\t\t\t\ttabindex=\"-1\"\n\t\t\t>\n\n\t\t\t\tParga &#8211; Sponsor\t\t\t<\/a>\n\t\t<\/h3>\n\t<\/div>\n\t\t<div class=\"sow-carousel-item\" tabindex=\"-1\" style=\"float: left;\">\n\t\t<div class=\"sow-carousel-thumbnail\">\n\t\t\t\t\t\t\t<a\n\t\t\t\t\thref=\"https:\/\/media.iob-ev.com\/es\/2019\/07\/31\/biofermenta-sponsor\/\"\n\t\t\t\t\t\t\t\t\t\tstyle=\"background-image:inherit\"\n\t\t\t\t\taria-labelledby=\"sow-carousel-id-2688\"\n\t\t\t\t\ttabindex=\"-1\"\n\t\t\t\t data-bg-image=\"url( https:\/\/media.iob-ev.com\/wp-content\/uploads\/2019\/07\/biofermenta-logo2-150x150.jpg )\" class=\"lazyload\">\n\t\t\t\t\t<span class=\"overlay\"><\/span>\n\t\t\t\t<\/a>\n\t\t\t\t\t<\/div>\n\t\t<h3 class=\"sow-carousel-item-title\">\n\t\t\t<a\n\t\t\t\thref=\"https:\/\/media.iob-ev.com\/es\/2019\/07\/31\/biofermenta-sponsor\/\"\n\t\t\t\tid=\"sow-carousel-id-2688\"\n\t\t\t\t\t\t\t\ttabindex=\"-1\"\n\t\t\t>\n\n\t\t\t\tBiofermenta &#8211; Sponsor\t\t\t<\/a>\n\t\t<\/h3>\n\t<\/div>\n\t\t<div class=\"sow-carousel-item\" tabindex=\"-1\" style=\"float: left;\">\n\t\t<div class=\"sow-carousel-thumbnail\">\n\t\t\t\t\t\t\t<a\n\t\t\t\t\thref=\"https:\/\/media.iob-ev.com\/es\/2019\/07\/31\/messner-pumpen-premium-sponsor\/\"\n\t\t\t\t\t\t\t\t\t\tstyle=\"background-image:inherit\"\n\t\t\t\t\taria-labelledby=\"sow-carousel-id-2697\"\n\t\t\t\t\ttabindex=\"-1\"\n\t\t\t\t data-bg-image=\"url( https:\/\/media.iob-ev.com\/wp-content\/uploads\/2019\/07\/messner-logo-150x150.jpg )\" class=\"lazyload\">\n\t\t\t\t\t<span class=\"overlay\"><\/span>\n\t\t\t\t<\/a>\n\t\t\t\t\t<\/div>\n\t\t<h3 class=\"sow-carousel-item-title\">\n\t\t\t<a\n\t\t\t\thref=\"https:\/\/media.iob-ev.com\/es\/2019\/07\/31\/messner-pumpen-premium-sponsor\/\"\n\t\t\t\tid=\"sow-carousel-id-2697\"\n\t\t\t\t\t\t\t\ttabindex=\"-1\"\n\t\t\t>\n\n\t\t\t\tMessner Pumpen &#8211; Premium Sponsor\t\t\t<\/a>\n\t\t<\/h3>\n\t<\/div>\n\t\t\t<\/div>\n\t\t\t<\/div>\n\n\t<\/div>\n\t\t<input type=\"hidden\" name=\"instance_hash\" value=\"c14199c0\"\/>\n\t<\/div>\n<\/div><\/div><\/div><\/div><\/div><\/div><div id=\"pg-3849-4\"  class=\"panel-grid panel-has-style\" ><div style=\"padding: 100px 0; \" data-overlay=\"true\" data-overlay-color=\"#000000\" class=\"panel-row-style panel-row-style-for-3849-4\" ><div id=\"pgc-3849-4-0\"  class=\"panel-grid-cell\" ><div id=\"panel-3849-4-0-0\" class=\"so-panel widget widget_sow-editor panel-first-child panel-last-child\" data-index=\"5\" ><div style=\"text-align: left;\" data-title-color=\"#443f3f\" data-headings-color=\"#443f3f\" class=\"panel-widget-style panel-widget-style-for-3849-4-0-0\" ><div\n\t\t\t\n\t\t\tclass=\"so-widget-sow-editor so-widget-sow-editor-base\"\n\t\t\t\n\t\t><h3 class=\"widget-title\">Programa<\/h3>\n<div class=\"siteorigin-widget-tinymce textwidget\">\n\t<div class=\"siteorigin-widget-tinymce textwidget\">\n<div class=\"listelement\">\n<h2> Rallyes <\/h2>\n<p>Rally desde el aeropuerto de Lisboa al Algarve, 2 d\u00edas, guiado por Pedro Couto, un constructor de estanques de nataci\u00f3n con mucha experiencia en Portugal.<\/p>\n<p>aqu\u00ed puede encontrar el programa de rally - disponible pr\u00f3ximamente<\/p>\n<p>Los miembros de las asociaciones afiliadas a la IOB pueden leer las conferencias del \u00faltimo Congreso 2019 en Varsovia en la biblioteca en l\u00ednea del sitio web de la IOB (descargar). Puede encontrarlos en el tipo de publicaci\u00f3n \u00bbConferencias\u00ab<\/p>\n<\/div>\n<\/div>\n<\/div>\n<\/div><\/div><\/div><\/div><\/div><\/div><div id=\"pg-3849-5\"  class=\"panel-grid panel-has-style\" ><div style=\"padding: 100px 0; \" data-overlay=\"true\" data-overlay-color=\"#000000\" class=\"panel-row-style panel-row-style-for-3849-5\" ><div id=\"pgc-3849-5-0\"  class=\"panel-grid-cell panel-grid-cell-empty\" ><\/div><\/div><\/div><\/div>","protected":false},"excerpt":{"rendered":"<p>\u00a1Conozca a los expertos bajo el lema \u00abSoluci\u00f3n basada en la naturaleza\u00bb para el XI Congreso IOB en Portugal!<\/p>\n","protected":false},"author":1,"featured_media":0,"parent":0,"menu_order":0,"comment_status":"closed","ping_status":"closed","template":"","meta":{"footnotes":""},"class_list":["post-3849","page","type-page","status-publish","hentry"],"_links":{"self":[{"href":"https:\/\/media.iob-ev.com\/es\/wp-json\/wp\/v2\/pages\/3849","targetHints":{"allow":["GET"]}}],"collection":[{"href":"https:\/\/media.iob-ev.com\/es\/wp-json\/wp\/v2\/pages"}],"about":[{"href":"https:\/\/media.iob-ev.com\/es\/wp-json\/wp\/v2\/types\/page"}],"author":[{"embeddable":true,"href":"https:\/\/media.iob-ev.com\/es\/wp-json\/wp\/v2\/users\/1"}],"replies":[{"embeddable":true,"href":"https:\/\/media.iob-ev.com\/es\/wp-json\/wp\/v2\/comments?post=3849"}],"version-history":[{"count":32,"href":"https:\/\/media.iob-ev.com\/es\/wp-json\/wp\/v2\/pages\/3849\/revisions"}],"predecessor-version":[{"id":4306,"href":"https:\/\/media.iob-ev.com\/es\/wp-json\/wp\/v2\/pages\/3849\/revisions\/4306"}],"wp:attachment":[{"href":"https:\/\/media.iob-ev.com\/es\/wp-json\/wp\/v2\/media?parent=3849"}],"curies":[{"name":"wp","href":"https:\/\/api.w.org\/{rel}","templated":true}]}}