{"id":3875,"date":"2020-10-01T18:05:28","date_gmt":"2020-10-01T16:05:28","guid":{"rendered":"https:\/\/media.iob-ev.com\/?page_id=3875"},"modified":"2020-12-14T17:52:25","modified_gmt":"2020-12-14T16:52:25","slug":"programm-11ter-iob-kongress","status":"publish","type":"page","link":"https:\/\/media.iob-ev.com\/es\/programm-11ter-iob-kongress\/","title":{"rendered":"Program 11. International Swimmingpond Conference"},"content":{"rendered":"<p><\/p>\n<div id=\"tw-target-text-container\" class=\"tw-ta-container hide-focus-ring tw-nfl\" tabindex=\"0\">\n<p>Los res\u00famenes y presentaciones de las conferencias impartidas por los respectivos ponentes se pueden encontrar, en la medida en que nos lo hayan puesto a nuestra disposici\u00f3n, en la p\u00e1gina del ponente.<br \/>\n(En el campo del tema en la siguiente tabla, despu\u00e9s de la descripci\u00f3n de la conferencia, se encontrar\u00e1 el enlace \u00ab&#8230; m\u00e1s\u00bb. Vincula a la p\u00e1gina del conferenciante donde puede encontrar las descargas en PDF del resumen y la conferencia. &#8211; si ya est\u00e1 provisto)<\/p>\n<\/div>\n<div id=\"tw-target-rmn-container\" class=\"tw-ta-container hide-focus-ring tw-nfl\">\n<pre id=\"tw-target-rmn\" class=\"tw-data-placeholder tw-text-small tw-ta\" dir=\"ltr\" data-placeholder=\"\"><\/pre>\n<\/div>\n<table border=\"1\" width=\"642\" cellspacing=\"0\" cellpadding=\"5\">\n<tbody>\n<tr valign=\"TOP\">\n<td bgcolor=\"#bdc0bf\" width=\"41\" height=\"27\">\n<div id=\"tw-target-text-container\" class=\"tw-ta-container hide-focus-ring tw-nfl\" tabindex=\"0\">Dia \/ hora<\/div>\n<\/td>\n<td bgcolor=\"#bdc0bf\" width=\"88\">\n<p align=\"LEFT\">Evento<\/p>\n<\/td>\n<td bgcolor=\"#bdc0bf\" width=\"198\">\n<p align=\"LEFT\">Tema<\/p>\n<\/td>\n<td bgcolor=\"#bdc0bf\" width=\"123\">\n<p align=\"LEFT\">Referente<\/p>\n<\/td>\n<td bgcolor=\"#bdc0bf\" width=\"93\">\n<p align=\"LEFT\">comentarios<\/p>\n<\/td>\n<td bgcolor=\"#bdc0bf\" width=\"37\"><\/td>\n<\/tr>\n<tr valign=\"TOP\">\n<td bgcolor=\"#e2e4e3\" width=\"41\" height=\"10\">\n<p align=\"LEFT\">06.10.2021<\/p>\n<\/td>\n<td width=\"88\"><\/td>\n<td width=\"198\">\n<h4 align=\"LEFT\">1er d\u00eda de conferencia<\/h4>\n<\/td>\n<td width=\"123\"><\/td>\n<td width=\"93\"><\/td>\n<td width=\"37\"><\/td>\n<\/tr>\n<tr valign=\"TOP\">\n<td bgcolor=\"#e2e4e3\" width=\"41\" height=\"10\">\n<p align=\"LEFT\">8:30<\/p>\n<\/td>\n<td bgcolor=\"#eeeeee\" width=\"88\">\n<p align=\"LEFT\">Entry<\/p>\n<\/td>\n<td bgcolor=\"#eeeeee\" width=\"198\"><\/td>\n<td bgcolor=\"#eeeeee\" width=\"123\"><\/td>\n<td bgcolor=\"#eeeeee\" width=\"93\"><\/td>\n<td bgcolor=\"#eeeeee\" width=\"37\"><\/td>\n<\/tr>\n<tr valign=\"TOP\">\n<td bgcolor=\"#e2e4e3\" width=\"41\" height=\"46\">\n<p align=\"LEFT\">9:00<\/p>\n<\/td>\n<td width=\"88\">\n<p align=\"LEFT\">Opening<\/p>\n<\/td>\n<td width=\"198\">\n<p align=\"LEFT\">Opening speech by the Presidents of the Portuguese association GIABN and IOB <a href=\"https:\/\/media.iob-ev.com\/eroeffnungsrede\/\" target=\"_blank\" rel=\"noopener noreferrer\">&#8230;more<\/a><\/p>\n<\/td>\n<td bgcolor=\"#eeeeee\" width=\"123\">\n<p align=\"LEFT\">Stefan Meier (IOB) &amp; Claudia Schwarzer (GIABN)<\/p>\n<\/td>\n<td width=\"93\"><\/td>\n<td width=\"37\"><\/td>\n<\/tr>\n<\/tbody>\n<\/table>\n<p>se publicar\u00e1 cuando est\u00e9 disponible<\/p>\n<div id=\"tw-target-text-container\" class=\"tw-ta-container hide-focus-ring tw-nfl\" tabindex=\"0\"><\/div>\n<p>&nbsp;<\/p>","protected":false},"excerpt":{"rendered":"<p>Los res\u00famenes y presentaciones de las conferencias impartidas por los respectivos ponentes se pueden encontrar, en la medida en que nos lo [&hellip;]<\/p>\n","protected":false},"author":1,"featured_media":0,"parent":0,"menu_order":0,"comment_status":"closed","ping_status":"closed","template":"","meta":{"footnotes":""},"class_list":["post-3875","page","type-page","status-publish","hentry"],"_links":{"self":[{"href":"https:\/\/media.iob-ev.com\/es\/wp-json\/wp\/v2\/pages\/3875","targetHints":{"allow":["GET"]}}],"collection":[{"href":"https:\/\/media.iob-ev.com\/es\/wp-json\/wp\/v2\/pages"}],"about":[{"href":"https:\/\/media.iob-ev.com\/es\/wp-json\/wp\/v2\/types\/page"}],"author":[{"embeddable":true,"href":"https:\/\/media.iob-ev.com\/es\/wp-json\/wp\/v2\/users\/1"}],"replies":[{"embeddable":true,"href":"https:\/\/media.iob-ev.com\/es\/wp-json\/wp\/v2\/comments?post=3875"}],"version-history":[{"count":12,"href":"https:\/\/media.iob-ev.com\/es\/wp-json\/wp\/v2\/pages\/3875\/revisions"}],"predecessor-version":[{"id":4308,"href":"https:\/\/media.iob-ev.com\/es\/wp-json\/wp\/v2\/pages\/3875\/revisions\/4308"}],"wp:attachment":[{"href":"https:\/\/media.iob-ev.com\/es\/wp-json\/wp\/v2\/media?parent=3875"}],"curies":[{"name":"wp","href":"https:\/\/api.w.org\/{rel}","templated":true}]}}