{"id":1392,"date":"2018-12-14T10:01:27","date_gmt":"2018-12-14T09:01:27","guid":{"rendered":"https:\/\/media.iob-ev.com\/?page_id=1392"},"modified":"2020-12-01T18:32:13","modified_gmt":"2020-12-01T17:32:13","slug":"hotel-convention","status":"publish","type":"page","link":"https:\/\/media.iob-ev.com\/pt\/hotel-convention\/","title":{"rendered":"Hotel para a conven\u00e7\u00e3o"},"content":{"rendered":"<div id=\"pl-1392\"  class=\"panel-layout\" ><div id=\"pg-1392-0\"  class=\"panel-grid panel-has-style\" ><div style=\"padding: 0px 0; \" data-overlay=\"true\" data-overlay-color=\"#000000\" class=\"panel-row-style panel-row-style-for-1392-0\" ><div id=\"pgc-1392-0-0\"  class=\"panel-grid-cell\" ><div id=\"panel-1392-0-0-0\" class=\"so-panel widget widget_sow-editor panel-first-child\" data-index=\"0\" ><div style=\"text-align: left;\" data-title-color=\"#443f3f\" data-headings-color=\"#443f3f\" class=\"panel-widget-style panel-widget-style-for-1392-0-0-0\" ><div\n\t\t\t\n\t\t\tclass=\"so-widget-sow-editor so-widget-sow-editor-base\"\n\t\t\t\n\t\t>\n<div class=\"siteorigin-widget-tinymce textwidget\">\n\t<p><a href=\"https:\/\/media.iob-ev.com\/wp-content\/uploads\/2020\/12\/https___ns.clubmed.com_dream_RESORTS_3T___4T_Europe___Cotes_Mediterraneennes_Da_Balaia_22783-widde84rmp-swhr.jpg\"><img decoding=\"async\" class=\"alignleft wp-image-4065 lazyload\" data-src=\"https:\/\/media.iob-ev.com\/wp-content\/uploads\/2020\/12\/https___ns.clubmed.com_dream_RESORTS_3T___4T_Europe___Cotes_Mediterraneennes_Da_Balaia_22783-widde84rmp-swhr-300x200.jpg\" alt=\"\" width=\"500\" height=\"334\" data-srcset=\"https:\/\/media.iob-ev.com\/wp-content\/uploads\/2020\/12\/https___ns.clubmed.com_dream_RESORTS_3T___4T_Europe___Cotes_Mediterraneennes_Da_Balaia_22783-widde84rmp-swhr-300x200.jpg 300w, https:\/\/media.iob-ev.com\/wp-content\/uploads\/2020\/12\/https___ns.clubmed.com_dream_RESORTS_3T___4T_Europe___Cotes_Mediterraneennes_Da_Balaia_22783-widde84rmp-swhr-768x512.jpg 768w, https:\/\/media.iob-ev.com\/wp-content\/uploads\/2020\/12\/https___ns.clubmed.com_dream_RESORTS_3T___4T_Europe___Cotes_Mediterraneennes_Da_Balaia_22783-widde84rmp-swhr-830x554.jpg 830w, https:\/\/media.iob-ev.com\/wp-content\/uploads\/2020\/12\/https___ns.clubmed.com_dream_RESORTS_3T___4T_Europe___Cotes_Mediterraneennes_Da_Balaia_22783-widde84rmp-swhr-230x153.jpg 230w, https:\/\/media.iob-ev.com\/wp-content\/uploads\/2020\/12\/https___ns.clubmed.com_dream_RESORTS_3T___4T_Europe___Cotes_Mediterraneennes_Da_Balaia_22783-widde84rmp-swhr-350x233.jpg 350w, https:\/\/media.iob-ev.com\/wp-content\/uploads\/2020\/12\/https___ns.clubmed.com_dream_RESORTS_3T___4T_Europe___Cotes_Mediterraneennes_Da_Balaia_22783-widde84rmp-swhr-480x320.jpg 480w, https:\/\/media.iob-ev.com\/wp-content\/uploads\/2020\/12\/https___ns.clubmed.com_dream_RESORTS_3T___4T_Europe___Cotes_Mediterraneennes_Da_Balaia_22783-widde84rmp-swhr-500x334.jpg 500w, https:\/\/media.iob-ev.com\/wp-content\/uploads\/2020\/12\/https___ns.clubmed.com_dream_RESORTS_3T___4T_Europe___Cotes_Mediterraneennes_Da_Balaia_22783-widde84rmp-swhr-272x182.jpg 272w, https:\/\/media.iob-ev.com\/wp-content\/uploads\/2020\/12\/https___ns.clubmed.com_dream_RESORTS_3T___4T_Europe___Cotes_Mediterraneennes_Da_Balaia_22783-widde84rmp-swhr.jpg 1000w\" data-sizes=\"(max-width: 500px) 100vw, 500px\" src=\"data:image\/svg+xml;base64,PHN2ZyB3aWR0aD0iMSIgaGVpZ2h0PSIxIiB4bWxucz0iaHR0cDovL3d3dy53My5vcmcvMjAwMC9zdmciPjwvc3ZnPg==\" style=\"--smush-placeholder-width: 500px; --smush-placeholder-aspect-ratio: 500\/334;\" \/><\/a><strong>O local \u00e9 o Club Med DaBalaia,<\/strong><br \/>\nLocalizado diretamente no Atl\u00e2ntico, um resort de f\u00e9rias moderno e luxuoso com excelentes classifica\u00e7\u00f5es de h\u00f3spedes. Salas de palestras, workshops, exposi\u00e7\u00f5es no foyer, salas e restaurante est\u00e3o nas proximidades e dentro do resort.<br \/>\nPela primeira vez na hist\u00f3ria do Congresso Internacional, um grande lago para nadar est\u00e1 dispon\u00edvel no hotel. N\u00e3o s\u00f3 para conversar, mas tamb\u00e9m para nadar!<\/p>\n<\/p>\n<p>&nbsp;<\/p>\n<\/div>\n<\/div><\/div><\/div><div id=\"panel-1392-0-0-1\" class=\"so-panel widget widget_sow-editor panel-last-child\" data-index=\"1\" ><div style=\"text-align: left;\" data-title-color=\"#443f3f\" data-headings-color=\"#443f3f\" class=\"panel-widget-style panel-widget-style-for-1392-0-0-1\" ><div\n\t\t\t\n\t\t\tclass=\"so-widget-sow-editor so-widget-sow-editor-base\"\n\t\t\t\n\t\t>\n<div class=\"siteorigin-widget-tinymce textwidget\">\n\t<div id='gallery-1' class='gallery galleryid-1392 gallery-columns-4 gallery-size-thumbnail'><figure class='gallery-item'>\n\t\t\t<div class='gallery-icon landscape'>\n\t\t\t\t<a href='https:\/\/media.iob-ev.com\/wp-content\/uploads\/2020\/12\/https___ns.clubmed.com_dream_RESORTS_3T___4T_Europe___Cotes_Mediterraneennes_Da_Balaia_23896-or86t09lup-swhr.jpg'><img decoding=\"async\" width=\"150\" height=\"150\" data-src=\"https:\/\/media.iob-ev.com\/wp-content\/uploads\/2020\/12\/https___ns.clubmed.com_dream_RESORTS_3T___4T_Europe___Cotes_Mediterraneennes_Da_Balaia_23896-or86t09lup-swhr-150x150.jpg\" class=\"attachment-thumbnail size-thumbnail lazyload\" alt=\"\" data-srcset=\"https:\/\/media.iob-ev.com\/wp-content\/uploads\/2020\/12\/https___ns.clubmed.com_dream_RESORTS_3T___4T_Europe___Cotes_Mediterraneennes_Da_Balaia_23896-or86t09lup-swhr-150x150.jpg 150w, https:\/\/media.iob-ev.com\/wp-content\/uploads\/2020\/12\/https___ns.clubmed.com_dream_RESORTS_3T___4T_Europe___Cotes_Mediterraneennes_Da_Balaia_23896-or86t09lup-swhr-100x100.jpg 100w\" data-sizes=\"(max-width: 150px) 100vw, 150px\" src=\"data:image\/svg+xml;base64,PHN2ZyB3aWR0aD0iMSIgaGVpZ2h0PSIxIiB4bWxucz0iaHR0cDovL3d3dy53My5vcmcvMjAwMC9zdmciPjwvc3ZnPg==\" style=\"--smush-placeholder-width: 150px; --smush-placeholder-aspect-ratio: 150\/150;\" \/><\/a>\n\t\t\t<\/div><\/figure><figure class='gallery-item'>\n\t\t\t<div class='gallery-icon landscape'>\n\t\t\t\t<a href='https:\/\/media.iob-ev.com\/wp-content\/uploads\/2020\/12\/https___ns.clubmed.com_dream_RESORTS_3T___4T_Europe___Cotes_Mediterraneennes_Da_Balaia_23734-ogdqv7f5u7-swhr.jpg'><img decoding=\"async\" width=\"150\" height=\"150\" data-src=\"https:\/\/media.iob-ev.com\/wp-content\/uploads\/2020\/12\/https___ns.clubmed.com_dream_RESORTS_3T___4T_Europe___Cotes_Mediterraneennes_Da_Balaia_23734-ogdqv7f5u7-swhr-150x150.jpg\" class=\"attachment-thumbnail size-thumbnail lazyload\" alt=\"\" data-srcset=\"https:\/\/media.iob-ev.com\/wp-content\/uploads\/2020\/12\/https___ns.clubmed.com_dream_RESORTS_3T___4T_Europe___Cotes_Mediterraneennes_Da_Balaia_23734-ogdqv7f5u7-swhr-150x150.jpg 150w, https:\/\/media.iob-ev.com\/wp-content\/uploads\/2020\/12\/https___ns.clubmed.com_dream_RESORTS_3T___4T_Europe___Cotes_Mediterraneennes_Da_Balaia_23734-ogdqv7f5u7-swhr-100x100.jpg 100w\" data-sizes=\"(max-width: 150px) 100vw, 150px\" src=\"data:image\/svg+xml;base64,PHN2ZyB3aWR0aD0iMSIgaGVpZ2h0PSIxIiB4bWxucz0iaHR0cDovL3d3dy53My5vcmcvMjAwMC9zdmciPjwvc3ZnPg==\" style=\"--smush-placeholder-width: 150px; --smush-placeholder-aspect-ratio: 150\/150;\" \/><\/a>\n\t\t\t<\/div><\/figure><figure class='gallery-item'>\n\t\t\t<div class='gallery-icon landscape'>\n\t\t\t\t<a href='https:\/\/media.iob-ev.com\/wp-content\/uploads\/2020\/12\/https___ns.clubmed.com_dream_RESORTS_3T___4T_Europe___Cotes_Mediterraneennes_Da_Balaia_23719-5ttxw7f3fs-swhr.jpg'><img decoding=\"async\" width=\"150\" height=\"150\" data-src=\"https:\/\/media.iob-ev.com\/wp-content\/uploads\/2020\/12\/https___ns.clubmed.com_dream_RESORTS_3T___4T_Europe___Cotes_Mediterraneennes_Da_Balaia_23719-5ttxw7f3fs-swhr-150x150.jpg\" class=\"attachment-thumbnail size-thumbnail lazyload\" alt=\"\" data-srcset=\"https:\/\/media.iob-ev.com\/wp-content\/uploads\/2020\/12\/https___ns.clubmed.com_dream_RESORTS_3T___4T_Europe___Cotes_Mediterraneennes_Da_Balaia_23719-5ttxw7f3fs-swhr-150x150.jpg 150w, https:\/\/media.iob-ev.com\/wp-content\/uploads\/2020\/12\/https___ns.clubmed.com_dream_RESORTS_3T___4T_Europe___Cotes_Mediterraneennes_Da_Balaia_23719-5ttxw7f3fs-swhr-100x100.jpg 100w\" data-sizes=\"(max-width: 150px) 100vw, 150px\" src=\"data:image\/svg+xml;base64,PHN2ZyB3aWR0aD0iMSIgaGVpZ2h0PSIxIiB4bWxucz0iaHR0cDovL3d3dy53My5vcmcvMjAwMC9zdmciPjwvc3ZnPg==\" style=\"--smush-placeholder-width: 150px; --smush-placeholder-aspect-ratio: 150\/150;\" \/><\/a>\n\t\t\t<\/div><\/figure><figure class='gallery-item'>\n\t\t\t<div class='gallery-icon landscape'>\n\t\t\t\t<a href='https:\/\/media.iob-ev.com\/wp-content\/uploads\/2020\/12\/https___ns.clubmed.com_dream_RESORTS_3T___4T_Europe___Cotes_Mediterraneennes_Da_Balaia_23701-rmxlus7r10-swhr.jpg'><img decoding=\"async\" width=\"150\" height=\"150\" data-src=\"https:\/\/media.iob-ev.com\/wp-content\/uploads\/2020\/12\/https___ns.clubmed.com_dream_RESORTS_3T___4T_Europe___Cotes_Mediterraneennes_Da_Balaia_23701-rmxlus7r10-swhr-150x150.jpg\" class=\"attachment-thumbnail size-thumbnail lazyload\" alt=\"\" data-srcset=\"https:\/\/media.iob-ev.com\/wp-content\/uploads\/2020\/12\/https___ns.clubmed.com_dream_RESORTS_3T___4T_Europe___Cotes_Mediterraneennes_Da_Balaia_23701-rmxlus7r10-swhr-150x150.jpg 150w, https:\/\/media.iob-ev.com\/wp-content\/uploads\/2020\/12\/https___ns.clubmed.com_dream_RESORTS_3T___4T_Europe___Cotes_Mediterraneennes_Da_Balaia_23701-rmxlus7r10-swhr-100x100.jpg 100w\" data-sizes=\"(max-width: 150px) 100vw, 150px\" src=\"data:image\/svg+xml;base64,PHN2ZyB3aWR0aD0iMSIgaGVpZ2h0PSIxIiB4bWxucz0iaHR0cDovL3d3dy53My5vcmcvMjAwMC9zdmciPjwvc3ZnPg==\" style=\"--smush-placeholder-width: 150px; --smush-placeholder-aspect-ratio: 150\/150;\" \/><\/a>\n\t\t\t<\/div><\/figure><figure class='gallery-item'>\n\t\t\t<div class='gallery-icon landscape'>\n\t\t\t\t<a href='https:\/\/media.iob-ev.com\/wp-content\/uploads\/2020\/12\/https___ns.clubmed.com_dream_RESORTS_3T___4T_Europe___Cotes_Mediterraneennes_Da_Balaia_23209-vovc21o8vi-swhr.jpg'><img decoding=\"async\" width=\"150\" height=\"150\" data-src=\"https:\/\/media.iob-ev.com\/wp-content\/uploads\/2020\/12\/https___ns.clubmed.com_dream_RESORTS_3T___4T_Europe___Cotes_Mediterraneennes_Da_Balaia_23209-vovc21o8vi-swhr-150x150.jpg\" class=\"attachment-thumbnail size-thumbnail lazyload\" alt=\"\" data-srcset=\"https:\/\/media.iob-ev.com\/wp-content\/uploads\/2020\/12\/https___ns.clubmed.com_dream_RESORTS_3T___4T_Europe___Cotes_Mediterraneennes_Da_Balaia_23209-vovc21o8vi-swhr-150x150.jpg 150w, https:\/\/media.iob-ev.com\/wp-content\/uploads\/2020\/12\/https___ns.clubmed.com_dream_RESORTS_3T___4T_Europe___Cotes_Mediterraneennes_Da_Balaia_23209-vovc21o8vi-swhr-100x100.jpg 100w\" data-sizes=\"(max-width: 150px) 100vw, 150px\" src=\"data:image\/svg+xml;base64,PHN2ZyB3aWR0aD0iMSIgaGVpZ2h0PSIxIiB4bWxucz0iaHR0cDovL3d3dy53My5vcmcvMjAwMC9zdmciPjwvc3ZnPg==\" style=\"--smush-placeholder-width: 150px; --smush-placeholder-aspect-ratio: 150\/150;\" \/><\/a>\n\t\t\t<\/div><\/figure><figure class='gallery-item'>\n\t\t\t<div class='gallery-icon landscape'>\n\t\t\t\t<a href='https:\/\/media.iob-ev.com\/wp-content\/uploads\/2020\/12\/https___ns.clubmed.com_dream_RESORTS_3T___4T_Europe___Cotes_Mediterraneennes_Da_Balaia_23203-8c61i2aiwk-swhr.jpg'><img decoding=\"async\" width=\"150\" height=\"150\" data-src=\"https:\/\/media.iob-ev.com\/wp-content\/uploads\/2020\/12\/https___ns.clubmed.com_dream_RESORTS_3T___4T_Europe___Cotes_Mediterraneennes_Da_Balaia_23203-8c61i2aiwk-swhr-150x150.jpg\" class=\"attachment-thumbnail size-thumbnail lazyload\" alt=\"\" data-srcset=\"https:\/\/media.iob-ev.com\/wp-content\/uploads\/2020\/12\/https___ns.clubmed.com_dream_RESORTS_3T___4T_Europe___Cotes_Mediterraneennes_Da_Balaia_23203-8c61i2aiwk-swhr-150x150.jpg 150w, https:\/\/media.iob-ev.com\/wp-content\/uploads\/2020\/12\/https___ns.clubmed.com_dream_RESORTS_3T___4T_Europe___Cotes_Mediterraneennes_Da_Balaia_23203-8c61i2aiwk-swhr-100x100.jpg 100w\" data-sizes=\"(max-width: 150px) 100vw, 150px\" src=\"data:image\/svg+xml;base64,PHN2ZyB3aWR0aD0iMSIgaGVpZ2h0PSIxIiB4bWxucz0iaHR0cDovL3d3dy53My5vcmcvMjAwMC9zdmciPjwvc3ZnPg==\" style=\"--smush-placeholder-width: 150px; --smush-placeholder-aspect-ratio: 150\/150;\" \/><\/a>\n\t\t\t<\/div><\/figure><figure class='gallery-item'>\n\t\t\t<div class='gallery-icon landscape'>\n\t\t\t\t<a href='https:\/\/media.iob-ev.com\/wp-content\/uploads\/2020\/12\/https___ns.clubmed.com_dream_RESORTS_3T___4T_Europe___Cotes_Mediterraneennes_Da_Balaia_22819-x0s6bcq3gp-swhr.jpg'><img decoding=\"async\" width=\"150\" height=\"150\" data-src=\"https:\/\/media.iob-ev.com\/wp-content\/uploads\/2020\/12\/https___ns.clubmed.com_dream_RESORTS_3T___4T_Europe___Cotes_Mediterraneennes_Da_Balaia_22819-x0s6bcq3gp-swhr-150x150.jpg\" class=\"attachment-thumbnail size-thumbnail lazyload\" alt=\"\" data-srcset=\"https:\/\/media.iob-ev.com\/wp-content\/uploads\/2020\/12\/https___ns.clubmed.com_dream_RESORTS_3T___4T_Europe___Cotes_Mediterraneennes_Da_Balaia_22819-x0s6bcq3gp-swhr-150x150.jpg 150w, https:\/\/media.iob-ev.com\/wp-content\/uploads\/2020\/12\/https___ns.clubmed.com_dream_RESORTS_3T___4T_Europe___Cotes_Mediterraneennes_Da_Balaia_22819-x0s6bcq3gp-swhr-100x100.jpg 100w\" data-sizes=\"(max-width: 150px) 100vw, 150px\" src=\"data:image\/svg+xml;base64,PHN2ZyB3aWR0aD0iMSIgaGVpZ2h0PSIxIiB4bWxucz0iaHR0cDovL3d3dy53My5vcmcvMjAwMC9zdmciPjwvc3ZnPg==\" style=\"--smush-placeholder-width: 150px; --smush-placeholder-aspect-ratio: 150\/150;\" \/><\/a>\n\t\t\t<\/div><\/figure><figure class='gallery-item'>\n\t\t\t<div class='gallery-icon landscape'>\n\t\t\t\t<a href='https:\/\/media.iob-ev.com\/wp-content\/uploads\/2020\/12\/https___ns.clubmed.com_dream_RESORTS_3T___4T_Europe___Cotes_Mediterraneennes_Da_Balaia_22783-widde84rmp-swhr.jpg'><img decoding=\"async\" width=\"150\" height=\"150\" data-src=\"https:\/\/media.iob-ev.com\/wp-content\/uploads\/2020\/12\/https___ns.clubmed.com_dream_RESORTS_3T___4T_Europe___Cotes_Mediterraneennes_Da_Balaia_22783-widde84rmp-swhr-150x150.jpg\" class=\"attachment-thumbnail size-thumbnail lazyload\" alt=\"\" data-srcset=\"https:\/\/media.iob-ev.com\/wp-content\/uploads\/2020\/12\/https___ns.clubmed.com_dream_RESORTS_3T___4T_Europe___Cotes_Mediterraneennes_Da_Balaia_22783-widde84rmp-swhr-150x150.jpg 150w, https:\/\/media.iob-ev.com\/wp-content\/uploads\/2020\/12\/https___ns.clubmed.com_dream_RESORTS_3T___4T_Europe___Cotes_Mediterraneennes_Da_Balaia_22783-widde84rmp-swhr-100x100.jpg 100w\" data-sizes=\"(max-width: 150px) 100vw, 150px\" src=\"data:image\/svg+xml;base64,PHN2ZyB3aWR0aD0iMSIgaGVpZ2h0PSIxIiB4bWxucz0iaHR0cDovL3d3dy53My5vcmcvMjAwMC9zdmciPjwvc3ZnPg==\" style=\"--smush-placeholder-width: 150px; --smush-placeholder-aspect-ratio: 150\/150;\" \/><\/a>\n\t\t\t<\/div><\/figure><figure class='gallery-item'>\n\t\t\t<div class='gallery-icon landscape'>\n\t\t\t\t<a href='https:\/\/media.iob-ev.com\/wp-content\/uploads\/2020\/12\/https___ns.clubmed.com_dream_RESORTS_3T___4T_Europe___Cotes_Mediterraneennes_Da_Balaia_22735-9theahq5d8-swhr.jpg'><img decoding=\"async\" width=\"150\" height=\"150\" data-src=\"https:\/\/media.iob-ev.com\/wp-content\/uploads\/2020\/12\/https___ns.clubmed.com_dream_RESORTS_3T___4T_Europe___Cotes_Mediterraneennes_Da_Balaia_22735-9theahq5d8-swhr-150x150.jpg\" class=\"attachment-thumbnail size-thumbnail lazyload\" alt=\"\" data-srcset=\"https:\/\/media.iob-ev.com\/wp-content\/uploads\/2020\/12\/https___ns.clubmed.com_dream_RESORTS_3T___4T_Europe___Cotes_Mediterraneennes_Da_Balaia_22735-9theahq5d8-swhr-150x150.jpg 150w, https:\/\/media.iob-ev.com\/wp-content\/uploads\/2020\/12\/https___ns.clubmed.com_dream_RESORTS_3T___4T_Europe___Cotes_Mediterraneennes_Da_Balaia_22735-9theahq5d8-swhr-100x100.jpg 100w\" data-sizes=\"(max-width: 150px) 100vw, 150px\" src=\"data:image\/svg+xml;base64,PHN2ZyB3aWR0aD0iMSIgaGVpZ2h0PSIxIiB4bWxucz0iaHR0cDovL3d3dy53My5vcmcvMjAwMC9zdmciPjwvc3ZnPg==\" style=\"--smush-placeholder-width: 150px; --smush-placeholder-aspect-ratio: 150\/150;\" \/><\/a>\n\t\t\t<\/div><\/figure><figure class='gallery-item'>\n\t\t\t<div class='gallery-icon landscape'>\n\t\t\t\t<a href='https:\/\/media.iob-ev.com\/wp-content\/uploads\/2020\/12\/https___ns.clubmed.com_dream_RESORTS_3T___4T_Europe___Cotes_Mediterraneennes_Da_Balaia_22714-8t21y95hn7-swhr.jpg'><img decoding=\"async\" width=\"150\" height=\"150\" data-src=\"https:\/\/media.iob-ev.com\/wp-content\/uploads\/2020\/12\/https___ns.clubmed.com_dream_RESORTS_3T___4T_Europe___Cotes_Mediterraneennes_Da_Balaia_22714-8t21y95hn7-swhr-150x150.jpg\" class=\"attachment-thumbnail size-thumbnail lazyload\" alt=\"\" data-srcset=\"https:\/\/media.iob-ev.com\/wp-content\/uploads\/2020\/12\/https___ns.clubmed.com_dream_RESORTS_3T___4T_Europe___Cotes_Mediterraneennes_Da_Balaia_22714-8t21y95hn7-swhr-150x150.jpg 150w, https:\/\/media.iob-ev.com\/wp-content\/uploads\/2020\/12\/https___ns.clubmed.com_dream_RESORTS_3T___4T_Europe___Cotes_Mediterraneennes_Da_Balaia_22714-8t21y95hn7-swhr-100x100.jpg 100w\" data-sizes=\"(max-width: 150px) 100vw, 150px\" src=\"data:image\/svg+xml;base64,PHN2ZyB3aWR0aD0iMSIgaGVpZ2h0PSIxIiB4bWxucz0iaHR0cDovL3d3dy53My5vcmcvMjAwMC9zdmciPjwvc3ZnPg==\" style=\"--smush-placeholder-width: 150px; --smush-placeholder-aspect-ratio: 150\/150;\" \/><\/a>\n\t\t\t<\/div><\/figure><figure class='gallery-item'>\n\t\t\t<div class='gallery-icon landscape'>\n\t\t\t\t<a href='https:\/\/media.iob-ev.com\/wp-content\/uploads\/2020\/12\/https___ns.clubmed.com_dream_RESORTS_3T___4T_Europe___Cotes_Mediterraneennes_Da_Balaia_22483-p4lxyxt3u9-swhr.jpg'><img decoding=\"async\" width=\"150\" height=\"150\" data-src=\"https:\/\/media.iob-ev.com\/wp-content\/uploads\/2020\/12\/https___ns.clubmed.com_dream_RESORTS_3T___4T_Europe___Cotes_Mediterraneennes_Da_Balaia_22483-p4lxyxt3u9-swhr-150x150.jpg\" class=\"attachment-thumbnail size-thumbnail lazyload\" alt=\"\" data-srcset=\"https:\/\/media.iob-ev.com\/wp-content\/uploads\/2020\/12\/https___ns.clubmed.com_dream_RESORTS_3T___4T_Europe___Cotes_Mediterraneennes_Da_Balaia_22483-p4lxyxt3u9-swhr-150x150.jpg 150w, https:\/\/media.iob-ev.com\/wp-content\/uploads\/2020\/12\/https___ns.clubmed.com_dream_RESORTS_3T___4T_Europe___Cotes_Mediterraneennes_Da_Balaia_22483-p4lxyxt3u9-swhr-100x100.jpg 100w\" data-sizes=\"(max-width: 150px) 100vw, 150px\" src=\"data:image\/svg+xml;base64,PHN2ZyB3aWR0aD0iMSIgaGVpZ2h0PSIxIiB4bWxucz0iaHR0cDovL3d3dy53My5vcmcvMjAwMC9zdmciPjwvc3ZnPg==\" style=\"--smush-placeholder-width: 150px; --smush-placeholder-aspect-ratio: 150\/150;\" \/><\/a>\n\t\t\t<\/div><\/figure><figure class='gallery-item'>\n\t\t\t<div class='gallery-icon landscape'>\n\t\t\t\t<a href='https:\/\/media.iob-ev.com\/wp-content\/uploads\/2020\/12\/https___ns.clubmed.com_dream_RESORTS_3T___4T_Europe___Cotes_Mediterraneennes_Da_Balaia_22453-i4t1radikn-swhr.jpg'><img decoding=\"async\" width=\"150\" height=\"150\" data-src=\"https:\/\/media.iob-ev.com\/wp-content\/uploads\/2020\/12\/https___ns.clubmed.com_dream_RESORTS_3T___4T_Europe___Cotes_Mediterraneennes_Da_Balaia_22453-i4t1radikn-swhr-150x150.jpg\" class=\"attachment-thumbnail size-thumbnail lazyload\" alt=\"\" data-srcset=\"https:\/\/media.iob-ev.com\/wp-content\/uploads\/2020\/12\/https___ns.clubmed.com_dream_RESORTS_3T___4T_Europe___Cotes_Mediterraneennes_Da_Balaia_22453-i4t1radikn-swhr-150x150.jpg 150w, https:\/\/media.iob-ev.com\/wp-content\/uploads\/2020\/12\/https___ns.clubmed.com_dream_RESORTS_3T___4T_Europe___Cotes_Mediterraneennes_Da_Balaia_22453-i4t1radikn-swhr-100x100.jpg 100w\" data-sizes=\"(max-width: 150px) 100vw, 150px\" src=\"data:image\/svg+xml;base64,PHN2ZyB3aWR0aD0iMSIgaGVpZ2h0PSIxIiB4bWxucz0iaHR0cDovL3d3dy53My5vcmcvMjAwMC9zdmciPjwvc3ZnPg==\" style=\"--smush-placeholder-width: 150px; --smush-placeholder-aspect-ratio: 150\/150;\" \/><\/a>\n\t\t\t<\/div><\/figure><figure class='gallery-item'>\n\t\t\t<div class='gallery-icon landscape'>\n\t\t\t\t<a href='https:\/\/media.iob-ev.com\/wp-content\/uploads\/2020\/12\/https___ns.clubmed.com_dream_RESORTS_3T___4T_Asie_et_Ocean_indien_Bintan_Island_10537-f8m3wig24p-swhr.jpg'><img decoding=\"async\" width=\"150\" height=\"150\" data-src=\"https:\/\/media.iob-ev.com\/wp-content\/uploads\/2020\/12\/https___ns.clubmed.com_dream_RESORTS_3T___4T_Asie_et_Ocean_indien_Bintan_Island_10537-f8m3wig24p-swhr-150x150.jpg\" class=\"attachment-thumbnail size-thumbnail lazyload\" alt=\"\" data-srcset=\"https:\/\/media.iob-ev.com\/wp-content\/uploads\/2020\/12\/https___ns.clubmed.com_dream_RESORTS_3T___4T_Asie_et_Ocean_indien_Bintan_Island_10537-f8m3wig24p-swhr-150x150.jpg 150w, https:\/\/media.iob-ev.com\/wp-content\/uploads\/2020\/12\/https___ns.clubmed.com_dream_RESORTS_3T___4T_Asie_et_Ocean_indien_Bintan_Island_10537-f8m3wig24p-swhr-100x100.jpg 100w\" data-sizes=\"(max-width: 150px) 100vw, 150px\" src=\"data:image\/svg+xml;base64,PHN2ZyB3aWR0aD0iMSIgaGVpZ2h0PSIxIiB4bWxucz0iaHR0cDovL3d3dy53My5vcmcvMjAwMC9zdmciPjwvc3ZnPg==\" style=\"--smush-placeholder-width: 150px; --smush-placeholder-aspect-ratio: 150\/150;\" \/><\/a>\n\t\t\t<\/div><\/figure><figure class='gallery-item'>\n\t\t\t<div class='gallery-icon landscape'>\n\t\t\t\t<a href='https:\/\/media.iob-ev.com\/wp-content\/uploads\/2020\/12\/Header-Pic-Congress-2021.jpg'><img decoding=\"async\" width=\"150\" height=\"150\" data-src=\"https:\/\/media.iob-ev.com\/wp-content\/uploads\/2020\/12\/Header-Pic-Congress-2021-150x150.jpg\" class=\"attachment-thumbnail size-thumbnail lazyload\" alt=\"\" data-srcset=\"https:\/\/media.iob-ev.com\/wp-content\/uploads\/2020\/12\/Header-Pic-Congress-2021-150x150.jpg 150w, https:\/\/media.iob-ev.com\/wp-content\/uploads\/2020\/12\/Header-Pic-Congress-2021-100x100.jpg 100w\" data-sizes=\"(max-width: 150px) 100vw, 150px\" src=\"data:image\/svg+xml;base64,PHN2ZyB3aWR0aD0iMSIgaGVpZ2h0PSIxIiB4bWxucz0iaHR0cDovL3d3dy53My5vcmcvMjAwMC9zdmciPjwvc3ZnPg==\" style=\"--smush-placeholder-width: 150px; --smush-placeholder-aspect-ratio: 150\/150;\" \/><\/a>\n\t\t\t<\/div><\/figure><figure class='gallery-item'>\n\t\t\t<div class='gallery-icon landscape'>\n\t\t\t\t<a href='https:\/\/media.iob-ev.com\/wp-content\/uploads\/2020\/11\/clubmed1-e1606492986690.jpg'><img decoding=\"async\" width=\"150\" height=\"150\" data-src=\"https:\/\/media.iob-ev.com\/wp-content\/uploads\/2020\/11\/clubmed1-e1606492986690-150x150.jpg\" class=\"attachment-thumbnail size-thumbnail lazyload\" alt=\"\" data-srcset=\"https:\/\/media.iob-ev.com\/wp-content\/uploads\/2020\/11\/clubmed1-e1606492986690-150x150.jpg 150w, https:\/\/media.iob-ev.com\/wp-content\/uploads\/2020\/11\/clubmed1-e1606492986690-100x100.jpg 100w\" data-sizes=\"(max-width: 150px) 100vw, 150px\" src=\"data:image\/svg+xml;base64,PHN2ZyB3aWR0aD0iMSIgaGVpZ2h0PSIxIiB4bWxucz0iaHR0cDovL3d3dy53My5vcmcvMjAwMC9zdmciPjwvc3ZnPg==\" style=\"--smush-placeholder-width: 150px; --smush-placeholder-aspect-ratio: 150\/150;\" \/><\/a>\n\t\t\t<\/div><\/figure><figure class='gallery-item'>\n\t\t\t<div class='gallery-icon landscape'>\n\t\t\t\t<a href='https:\/\/media.iob-ev.com\/wp-content\/uploads\/2020\/11\/Header-Pic-Congress-2021.jpg'><img decoding=\"async\" width=\"150\" height=\"150\" data-src=\"https:\/\/media.iob-ev.com\/wp-content\/uploads\/2020\/11\/Header-Pic-Congress-2021-150x150.jpg\" class=\"attachment-thumbnail size-thumbnail lazyload\" alt=\"\" data-srcset=\"https:\/\/media.iob-ev.com\/wp-content\/uploads\/2020\/11\/Header-Pic-Congress-2021-150x150.jpg 150w, https:\/\/media.iob-ev.com\/wp-content\/uploads\/2020\/11\/Header-Pic-Congress-2021-300x300.jpg 300w, https:\/\/media.iob-ev.com\/wp-content\/uploads\/2020\/11\/Header-Pic-Congress-2021-1024x1024.jpg 1024w, https:\/\/media.iob-ev.com\/wp-content\/uploads\/2020\/11\/Header-Pic-Congress-2021-768x768.jpg 768w, https:\/\/media.iob-ev.com\/wp-content\/uploads\/2020\/11\/Header-Pic-Congress-2021-830x830.jpg 830w, https:\/\/media.iob-ev.com\/wp-content\/uploads\/2020\/11\/Header-Pic-Congress-2021-230x230.jpg 230w, https:\/\/media.iob-ev.com\/wp-content\/uploads\/2020\/11\/Header-Pic-Congress-2021-350x350.jpg 350w, https:\/\/media.iob-ev.com\/wp-content\/uploads\/2020\/11\/Header-Pic-Congress-2021-480x480.jpg 480w, https:\/\/media.iob-ev.com\/wp-content\/uploads\/2020\/11\/Header-Pic-Congress-2021-500x500.jpg 500w, https:\/\/media.iob-ev.com\/wp-content\/uploads\/2020\/11\/Header-Pic-Congress-2021-100x100.jpg 100w, https:\/\/media.iob-ev.com\/wp-content\/uploads\/2020\/11\/Header-Pic-Congress-2021.jpg 1080w\" data-sizes=\"(max-width: 150px) 100vw, 150px\" src=\"data:image\/svg+xml;base64,PHN2ZyB3aWR0aD0iMSIgaGVpZ2h0PSIxIiB4bWxucz0iaHR0cDovL3d3dy53My5vcmcvMjAwMC9zdmciPjwvc3ZnPg==\" style=\"--smush-placeholder-width: 150px; --smush-placeholder-aspect-ratio: 150\/150;\" \/><\/a>\n\t\t\t<\/div><\/figure>\n\t\t<\/div>\n\n<p>Os pre\u00e7os noturnos com \"tudo inclu\u00eddo\" est\u00e3o inclu\u00eddos nos pre\u00e7os dos bilhetes, tudo inclu\u00eddo inclui:<br \/>\nRefei\u00e7\u00f5es durante todo o dia em 2 restaurantes<br \/>\nBar aberto de manh\u00e3 \u00e0 noite<br \/>\nOferta de esportes com t\u00eanis, trap\u00e9zio voador, tiro com arco e muito mais<br \/>\nWiFi em todos os quartos<\/p><\/p>\n<\/div>\n<\/div><\/div><\/div><\/div><\/div><\/div><\/div>","protected":false},"excerpt":{"rendered":"<p>O local \u00e9 o Club Med DaBalaia, Localizado diretamente no Atl\u00e2ntico, um resort de f\u00e9rias moderno e luxuoso com excelentes classifica\u00e7\u00f5es de [&hellip;]<\/p>\n","protected":false},"author":1,"featured_media":0,"parent":0,"menu_order":0,"comment_status":"closed","ping_status":"closed","template":"","meta":{"footnotes":""},"class_list":["post-1392","page","type-page","status-publish","hentry"],"_links":{"self":[{"href":"https:\/\/media.iob-ev.com\/pt\/wp-json\/wp\/v2\/pages\/1392","targetHints":{"allow":["GET"]}}],"collection":[{"href":"https:\/\/media.iob-ev.com\/pt\/wp-json\/wp\/v2\/pages"}],"about":[{"href":"https:\/\/media.iob-ev.com\/pt\/wp-json\/wp\/v2\/types\/page"}],"author":[{"embeddable":true,"href":"https:\/\/media.iob-ev.com\/pt\/wp-json\/wp\/v2\/users\/1"}],"replies":[{"embeddable":true,"href":"https:\/\/media.iob-ev.com\/pt\/wp-json\/wp\/v2\/comments?post=1392"}],"version-history":[{"count":30,"href":"https:\/\/media.iob-ev.com\/pt\/wp-json\/wp\/v2\/pages\/1392\/revisions"}],"predecessor-version":[{"id":4083,"href":"https:\/\/media.iob-ev.com\/pt\/wp-json\/wp\/v2\/pages\/1392\/revisions\/4083"}],"wp:attachment":[{"href":"https:\/\/media.iob-ev.com\/pt\/wp-json\/wp\/v2\/media?parent=1392"}],"curies":[{"name":"wp","href":"https:\/\/api.w.org\/{rel}","templated":true}]}}