{"id":1399,"date":"2018-12-14T10:14:19","date_gmt":"2018-12-14T09:14:19","guid":{"rendered":"https:\/\/media.iob-ev.com\/?page_id=1399"},"modified":"2020-11-30T18:32:49","modified_gmt":"2020-11-30T17:32:49","slug":"veranstalter-schirmherrin","status":"publish","type":"page","link":"https:\/\/media.iob-ev.com\/pt\/veranstalter-schirmherrin\/","title":{"rendered":"Organizador e Patrono"},"content":{"rendered":"<p><\/p>\n<div class=\"listelement\">Copyright, salvo indica\u00e7\u00e3o expressa em contr\u00e1rio:<\/div>\n<div class=\"absatz\">\n<div class=\"p\">\n<p><a href=\"https:\/\/iob-ev.com\/wp-content\/uploads\/2018\/12\/logo.png\"><img decoding=\"async\" class=\"size-full wp-image-1006 alignleft lazyload\" data-src=\"https:\/\/iob-ev.com\/wp-content\/uploads\/2018\/12\/logo.png\" alt=\"\" width=\"134\" height=\"75\" src=\"data:image\/svg+xml;base64,PHN2ZyB3aWR0aD0iMSIgaGVpZ2h0PSIxIiB4bWxucz0iaHR0cDovL3d3dy53My5vcmcvMjAwMC9zdmciPjwvc3ZnPg==\" style=\"--smush-placeholder-width: 134px; --smush-placeholder-aspect-ratio: 134\/75;\" \/><\/a>IOB<br \/>\nInternationale Organisation f\u00fcr naturnahe Badegew\u00e4sser e. V.<br \/>\nGesch\u00e4ftsstelle: \u00dcberseetor 14<br \/>\nD-28217 Bremen<\/p>\n<\/div>\n<\/div>\n<div class=\"absatz\">\n<div class=\"p\">\n<div><\/div>\n<div class=\"randbemerkung\"><a href=\"https:\/\/iob-ev.com\/wp-content\/uploads\/2019\/03\/iob-flag-es.jpg\"><img decoding=\"async\" class=\"size-full wp-image-1795 alignleft lazyload\" data-src=\"https:\/\/iob-ev.com\/wp-content\/uploads\/2019\/03\/iob-flag-es.jpg\" alt=\"iob flag es\" width=\"125\" height=\"94\" src=\"data:image\/svg+xml;base64,PHN2ZyB3aWR0aD0iMSIgaGVpZ2h0PSIxIiB4bWxucz0iaHR0cDovL3d3dy53My5vcmcvMjAwMC9zdmciPjwvc3ZnPg==\" style=\"--smush-placeholder-width: 125px; --smush-placeholder-aspect-ratio: 125\/94;\" \/><\/a><\/div>\n<p>In Cooperation with Grupo Iberico de Aguas de Ba\u00f1o Naturalizadas (GIABN)<br \/>\nCarretera de Figueres s\/n<br \/>\nE-17133 Ultramort \u2013 Girona<\/p>\n<div class=\"absatz\">\n<div class=\"p\">\n<div><\/div>\n<\/div>\n<\/div>\n<div class=\"listelement\"><\/div>\n<div class=\"url\"><\/div>\n<\/div>\n<\/div>\n<p>GIABN and IOB would like to thank all colleagues and companies who have provided photographs for this website. If you are interrested in getting some companys contact, regarding the projects on display, please contact the IOB office via email.<\/p>","protected":false},"excerpt":{"rendered":"<p>Copyright, salvo indica\u00e7\u00e3o expressa em contr\u00e1rio: IOB Internationale Organisation f\u00fcr naturnahe Badegew\u00e4sser e. V. Gesch\u00e4ftsstelle: \u00dcberseetor 14 D-28217 Bremen In Cooperation with [&hellip;]<\/p>\n","protected":false},"author":1,"featured_media":0,"parent":0,"menu_order":0,"comment_status":"closed","ping_status":"closed","template":"","meta":{"footnotes":""},"class_list":["post-1399","page","type-page","status-publish","hentry"],"_links":{"self":[{"href":"https:\/\/media.iob-ev.com\/pt\/wp-json\/wp\/v2\/pages\/1399","targetHints":{"allow":["GET"]}}],"collection":[{"href":"https:\/\/media.iob-ev.com\/pt\/wp-json\/wp\/v2\/pages"}],"about":[{"href":"https:\/\/media.iob-ev.com\/pt\/wp-json\/wp\/v2\/types\/page"}],"author":[{"embeddable":true,"href":"https:\/\/media.iob-ev.com\/pt\/wp-json\/wp\/v2\/users\/1"}],"replies":[{"embeddable":true,"href":"https:\/\/media.iob-ev.com\/pt\/wp-json\/wp\/v2\/comments?post=1399"}],"version-history":[{"count":4,"href":"https:\/\/media.iob-ev.com\/pt\/wp-json\/wp\/v2\/pages\/1399\/revisions"}],"predecessor-version":[{"id":4034,"href":"https:\/\/media.iob-ev.com\/pt\/wp-json\/wp\/v2\/pages\/1399\/revisions\/4034"}],"wp:attachment":[{"href":"https:\/\/media.iob-ev.com\/pt\/wp-json\/wp\/v2\/media?parent=1399"}],"curies":[{"name":"wp","href":"https:\/\/api.w.org\/{rel}","templated":true}]}}