{"id":1584,"date":"2019-02-11T16:26:09","date_gmt":"2019-02-11T15:26:09","guid":{"rendered":"https:\/\/media.iob-ev.com\/?page_id=1584"},"modified":"2020-12-01T12:19:29","modified_gmt":"2020-12-01T11:19:29","slug":"anmeldeformular-messeausteller","status":"publish","type":"page","link":"https:\/\/media.iob-ev.com\/pt\/anmeldeformular-messeausteller\/","title":{"rendered":"FORMUL\u00c1RIO DE APLICA\u00c7\u00c3O EXPOSITOR"},"content":{"rendered":"<p>As empresas que desejam expor nesta feira j\u00e1 podem baixar o formul\u00e1rio de reserva e saber mais sobre os custos. Em breve disponibilizaremos um contacto portugu\u00eas que coordenar\u00e1 os stands das empresas expositoras e que poder\u00e1 esclarecer qualquer d\u00favida.<\/p>\n<p>DOWNLOAD DO PDF Clique aqui para inscri\u00e7\u00e3o FIRST_2019 &#8211; em breve<\/p>\n<p>Verifique o diret\u00f3rio de download ap\u00f3s clicar<\/p>","protected":false},"excerpt":{"rendered":"<p>As empresas que desejam expor nesta feira j\u00e1 podem baixar o formul\u00e1rio de reserva e saber mais sobre os custos. Em breve [&hellip;]<\/p>\n","protected":false},"author":1,"featured_media":0,"parent":0,"menu_order":0,"comment_status":"closed","ping_status":"closed","template":"","meta":{"footnotes":""},"class_list":["post-1584","page","type-page","status-publish","hentry"],"_links":{"self":[{"href":"https:\/\/media.iob-ev.com\/pt\/wp-json\/wp\/v2\/pages\/1584","targetHints":{"allow":["GET"]}}],"collection":[{"href":"https:\/\/media.iob-ev.com\/pt\/wp-json\/wp\/v2\/pages"}],"about":[{"href":"https:\/\/media.iob-ev.com\/pt\/wp-json\/wp\/v2\/types\/page"}],"author":[{"embeddable":true,"href":"https:\/\/media.iob-ev.com\/pt\/wp-json\/wp\/v2\/users\/1"}],"replies":[{"embeddable":true,"href":"https:\/\/media.iob-ev.com\/pt\/wp-json\/wp\/v2\/comments?post=1584"}],"version-history":[{"count":18,"href":"https:\/\/media.iob-ev.com\/pt\/wp-json\/wp\/v2\/pages\/1584\/revisions"}],"predecessor-version":[{"id":4047,"href":"https:\/\/media.iob-ev.com\/pt\/wp-json\/wp\/v2\/pages\/1584\/revisions\/4047"}],"wp:attachment":[{"href":"https:\/\/media.iob-ev.com\/pt\/wp-json\/wp\/v2\/media?parent=1584"}],"curies":[{"name":"wp","href":"https:\/\/api.w.org\/{rel}","templated":true}]}}