{"id":1632,"date":"2019-02-12T00:37:38","date_gmt":"2019-02-11T23:37:38","guid":{"rendered":"https:\/\/media.iob-ev.com\/?page_id=1632"},"modified":"2020-11-30T18:21:20","modified_gmt":"2020-11-30T17:21:20","slug":"programm-sternfahrt","status":"publish","type":"page","link":"https:\/\/media.iob-ev.com\/pt\/programm-sternfahrt\/","title":{"rendered":"Rally"},"content":{"rendered":"<p>Rally de Lisboa, aeroporto ao Algarve, 2 dias, acompanhado por Pedro Couto, um experiente construtor de lagoas de Portugal.<\/p>\n<p>RESERVE AQUI &#8211; em breve<\/p>\n<p>mais informa\u00e7\u00f5es estar\u00e3o dispon\u00edveis em breve<\/p>","protected":false},"excerpt":{"rendered":"<p>Rally de Lisboa, aeroporto ao Algarve, 2 dias, acompanhado por Pedro Couto, um experiente construtor de lagoas de Portugal. RESERVE AQUI &#8211; [&hellip;]<\/p>\n","protected":false},"author":1,"featured_media":0,"parent":0,"menu_order":0,"comment_status":"closed","ping_status":"closed","template":"","meta":{"footnotes":""},"class_list":["post-1632","page","type-page","status-publish","hentry"],"_links":{"self":[{"href":"https:\/\/media.iob-ev.com\/pt\/wp-json\/wp\/v2\/pages\/1632","targetHints":{"allow":["GET"]}}],"collection":[{"href":"https:\/\/media.iob-ev.com\/pt\/wp-json\/wp\/v2\/pages"}],"about":[{"href":"https:\/\/media.iob-ev.com\/pt\/wp-json\/wp\/v2\/types\/page"}],"author":[{"embeddable":true,"href":"https:\/\/media.iob-ev.com\/pt\/wp-json\/wp\/v2\/users\/1"}],"replies":[{"embeddable":true,"href":"https:\/\/media.iob-ev.com\/pt\/wp-json\/wp\/v2\/comments?post=1632"}],"version-history":[{"count":16,"href":"https:\/\/media.iob-ev.com\/pt\/wp-json\/wp\/v2\/pages\/1632\/revisions"}],"predecessor-version":[{"id":4031,"href":"https:\/\/media.iob-ev.com\/pt\/wp-json\/wp\/v2\/pages\/1632\/revisions\/4031"}],"wp:attachment":[{"href":"https:\/\/media.iob-ev.com\/pt\/wp-json\/wp\/v2\/media?parent=1632"}],"curies":[{"name":"wp","href":"https:\/\/api.w.org\/{rel}","templated":true}]}}