{"id":2908,"date":"2019-08-29T19:04:35","date_gmt":"2019-08-29T17:04:35","guid":{"rendered":"https:\/\/media.iob-ev.com\/?page_id=2908"},"modified":"2019-08-29T19:04:35","modified_gmt":"2019-08-29T17:04:35","slug":"nominiert-b1","status":"publish","type":"page","link":"https:\/\/media.iob-ev.com\/pt\/nominiert-b1\/","title":{"rendered":"Nominiert B1"},"content":{"rendered":"<p class=\"qtranxs-available-languages-message qtranxs-available-languages-message-pt\">Desculpe, este conte\u00fado s\u00f3 est\u00e1 dispon\u00edvel em <a href=\"https:\/\/media.iob-ev.com\/de\/wp-json\/wp\/v2\/pages\/2908\" class=\"qtranxs-available-language-link qtranxs-available-language-link-de\" title=\"Deutsch\">Deutsch<\/a> e <a href=\"https:\/\/media.iob-ev.com\/en\/wp-json\/wp\/v2\/pages\/2908\" class=\"qtranxs-available-language-link qtranxs-available-language-link-en\" title=\"English\">English<\/a>. Por uma quest\u00e3o de conveni\u00eancia para o utilizador, o conte\u00fado \u00e9 mostrado abaixo no idioma por omiss\u00e3o para este site. Pode clicar numa das liga\u00e7\u00f5es para mudar o site para outro idioma dispon\u00edvel.<\/p><p><img decoding=\"async\" class=\"aligncenter size-full wp-image-2909 lazyload\" data-src=\"https:\/\/media.iob-ev.com\/wp-content\/uploads\/2019\/08\/rollup-B1-Gasiorowski-26-Kopie.jpg\" alt=\"\" width=\"871\" height=\"2048\" data-srcset=\"https:\/\/media.iob-ev.com\/wp-content\/uploads\/2019\/08\/rollup-B1-Gasiorowski-26-Kopie.jpg 871w, https:\/\/media.iob-ev.com\/wp-content\/uploads\/2019\/08\/rollup-B1-Gasiorowski-26-Kopie-128x300.jpg 128w, https:\/\/media.iob-ev.com\/wp-content\/uploads\/2019\/08\/rollup-B1-Gasiorowski-26-Kopie-768x1807.jpg 768w, https:\/\/media.iob-ev.com\/wp-content\/uploads\/2019\/08\/rollup-B1-Gasiorowski-26-Kopie-435x1024.jpg 435w, https:\/\/media.iob-ev.com\/wp-content\/uploads\/2019\/08\/rollup-B1-Gasiorowski-26-Kopie-830x1953.jpg 830w, https:\/\/media.iob-ev.com\/wp-content\/uploads\/2019\/08\/rollup-B1-Gasiorowski-26-Kopie-230x541.jpg 230w, https:\/\/media.iob-ev.com\/wp-content\/uploads\/2019\/08\/rollup-B1-Gasiorowski-26-Kopie-350x823.jpg 350w, https:\/\/media.iob-ev.com\/wp-content\/uploads\/2019\/08\/rollup-B1-Gasiorowski-26-Kopie-480x1129.jpg 480w, https:\/\/media.iob-ev.com\/wp-content\/uploads\/2019\/08\/rollup-B1-Gasiorowski-26-Kopie-500x1176.jpg 500w\" data-sizes=\"(max-width: 871px) 100vw, 871px\" src=\"data:image\/svg+xml;base64,PHN2ZyB3aWR0aD0iMSIgaGVpZ2h0PSIxIiB4bWxucz0iaHR0cDovL3d3dy53My5vcmcvMjAwMC9zdmciPjwvc3ZnPg==\" style=\"--smush-placeholder-width: 871px; --smush-placeholder-aspect-ratio: 871\/2048;\" \/><\/p>","protected":false},"excerpt":{"rendered":"<p>Desculpe, este conte\u00fado s\u00f3 est\u00e1 dispon\u00edvel em Deutsch e English. Por uma quest\u00e3o de conveni\u00eancia para o utilizador, o conte\u00fado \u00e9 mostrado [&hellip;]<\/p>\n","protected":false},"author":1,"featured_media":0,"parent":0,"menu_order":0,"comment_status":"closed","ping_status":"closed","template":"","meta":{"footnotes":""},"class_list":["post-2908","page","type-page","status-publish","hentry"],"_links":{"self":[{"href":"https:\/\/media.iob-ev.com\/pt\/wp-json\/wp\/v2\/pages\/2908","targetHints":{"allow":["GET"]}}],"collection":[{"href":"https:\/\/media.iob-ev.com\/pt\/wp-json\/wp\/v2\/pages"}],"about":[{"href":"https:\/\/media.iob-ev.com\/pt\/wp-json\/wp\/v2\/types\/page"}],"author":[{"embeddable":true,"href":"https:\/\/media.iob-ev.com\/pt\/wp-json\/wp\/v2\/users\/1"}],"replies":[{"embeddable":true,"href":"https:\/\/media.iob-ev.com\/pt\/wp-json\/wp\/v2\/comments?post=2908"}],"version-history":[{"count":1,"href":"https:\/\/media.iob-ev.com\/pt\/wp-json\/wp\/v2\/pages\/2908\/revisions"}],"predecessor-version":[{"id":2910,"href":"https:\/\/media.iob-ev.com\/pt\/wp-json\/wp\/v2\/pages\/2908\/revisions\/2910"}],"wp:attachment":[{"href":"https:\/\/media.iob-ev.com\/pt\/wp-json\/wp\/v2\/media?parent=2908"}],"curies":[{"name":"wp","href":"https:\/\/api.w.org\/{rel}","templated":true}]}}