{"id":3849,"date":"2020-10-01T11:19:50","date_gmt":"2020-10-01T09:19:50","guid":{"rendered":"https:\/\/iob-ev.com\/?page_id=3849"},"modified":"2020-12-14T17:46:24","modified_gmt":"2020-12-14T16:46:24","slug":"internationaler-schwimmteich-kongress-2021","status":"publish","type":"page","link":"https:\/\/media.iob-ev.com\/pt\/","title":{"rendered":"CONGRESSO INTERNACIONAL 2021"},"content":{"rendered":"<div id=\"pl-3849\"  class=\"panel-layout\" ><div id=\"pg-3849-0\"  class=\"panel-grid panel-has-style\" ><div style=\"padding: 1px 0; \" data-overlay=\"true\" data-overlay-color=\"#000000\" class=\"panel-row-style panel-row-style-for-3849-0\" ><div id=\"pgc-3849-0-0\"  class=\"panel-grid-cell\" ><div id=\"panel-3849-0-0-0\" class=\"so-panel widget widget_sow-editor panel-first-child panel-last-child\" data-index=\"0\" ><div style=\"text-align: left;\" data-title-color=\"#443f3f\" data-headings-color=\"#443f3f\" class=\"panel-widget-style panel-widget-style-for-3849-0-0-0\" ><div\n\t\t\t\n\t\t\tclass=\"so-widget-sow-editor so-widget-sow-editor-base\"\n\t\t\t\n\t\t>\n<div class=\"siteorigin-widget-tinymce textwidget\">\n\t<h3><\/h3>\n<h3><span lang=\"pt\">Conhe\u00e7a os especialistas sob o lema \"Nature-Based Solution\" para o 11\u00ba IOB-Congress em Portugal!<\/span><\/h3>\n<\/div>\n<\/div><\/div><\/div><\/div><\/div><\/div><div id=\"pg-3849-1\"  class=\"panel-grid panel-has-style\" ><div style=\"padding: 1px 0; \" data-overlay=\"true\" data-overlay-color=\"#000000\" class=\"panel-row-style panel-row-style-for-3849-1\" ><div id=\"pgc-3849-1-0\"  class=\"panel-grid-cell\" ><div id=\"panel-3849-1-0-0\" class=\"so-panel widget widget_sydney_action sydney_action_widget panel-first-child panel-last-child\" data-index=\"1\" ><div style=\"text-align: left;\" id=\"12\" data-title-color=\"#443f3f\" data-headings-color=\"#443f3f\" class=\"panel-widget-style panel-widget-style-for-3849-1-0-0\" >        <div class=\"roll-promobox \">\r\n\t\t\t<div class=\"promo-wrap\">\r\n\t\t\t\t\t\t\t\t<div class=\"promo-controls\">\r\n\t\t\t\t\t<a href=\"https:\/\/media.iob-ev.com\/programm-11ter-iob-kongress\/\" class=\"roll-button border\">programa e palestras - downloads<\/a>\r\n\t\t\t\t<\/div>\r\n\t\t\t<\/div>\r\n        <\/div>\r\n\t<\/div><\/div><\/div><\/div><\/div><div id=\"pg-3849-2\"  class=\"panel-grid panel-has-style\" ><div style=\"padding: 10px 0; \" data-overlay=\"true\" data-overlay-color=\"#000000\" class=\"panel-row-style panel-row-style-for-3849-2\" ><div id=\"pgc-3849-2-0\"  class=\"panel-grid-cell\" ><div id=\"panel-3849-2-0-0\" class=\"so-panel widget widget_sow-editor panel-first-child panel-last-child\" data-index=\"2\" ><div style=\"text-align: left;\" data-title-color=\"#443f3f\" data-headings-color=\"#443f3f\" class=\"panel-widget-style panel-widget-style-for-3849-2-0-0\" ><div\n\t\t\t\n\t\t\tclass=\"so-widget-sow-editor so-widget-sow-editor-base\"\n\t\t\t\n\t\t>\n<div class=\"siteorigin-widget-tinymce textwidget\">\n\t<\/p>\n<h3>Albufeira, 6 a 7 de outubro de 2021<\/h3>\n<p><a href=\"https:\/\/media.iob-ev.com\/programm-11ter-iob-kongress\/\">para ver o programa de discursos, clique aqui &gt;&gt;&gt;<\/a><\/p>\n<p>Desde 1999, o Congresso Internacional bienal de Piscinas Naturais tem sido uma fonte de inspira\u00e7\u00e3o para novas ideias e inova\u00e7\u00e3o, bem como um centro de interc\u00e2mbio interdisciplinar de empresas especializadas e fabricantes que planejam, constroem, fornecem, operam e avaliam as \u00e1guas balneares naturais.<br \/>\nA experi\u00eancia ser\u00e1 repassada aos participantes por oradores de destaque neste Congresso.<br \/>\nO 11\u00ba Congresso Internacional de Swimming Pond ter\u00e1 lugar nos dias 5 e 6 de outubro de 2021 em Albufeira, Algarve, Portugal. O conceito comprovado do 10\u00ba Congresso de Vars\u00f3via foi amplamente aceito.<br \/>\nO local \u00e9 o Club Med DaBalaia, diretamente na costa Atlantik, um resort de f\u00e9rias moderno e luxuoso com excelente classifica\u00e7\u00e3o para viajantes. Salas de palestras, workshops, exposi\u00e7\u00f5es no foyer, salas e restaurante est\u00e3o nas imedia\u00e7\u00f5es e dentro do resort.<br \/>\nPela primeira vez na hist\u00f3ria do Congresso Internacional, um grande lago para nadar est\u00e1 dispon\u00edvel no hotel. N\u00e3o s\u00f3 para conversar, mas tamb\u00e9m para nadar!<\/p>\n<p>As empresas que desejam expor nesta feira podem baixar em breve o formul\u00e1rio de reserva e obter informa\u00e7\u00f5es sobre os custos incorridos. Em breve teremos um contato que poder\u00e1 coordenar os estandes das empresas expositoras e auxiliar no esclarecimento de d\u00favidas.<br \/>\n<a href=\"https:\/\/media.iob-ev.com\/anmeldeformular-messeausteller\/\"><span style=\"color: #008000;\">Clique aqui para ir para a p\u00e1gina de download<\/span><\/a><br \/>\nMais informa\u00e7\u00f5es em breve.<\/p>\n<h4><a href=\"https:\/\/iob-ev.com\/pondy-award\/\">Pondy Award<\/a><\/h4>\n<p>Como patrocinador do International Swimming Pond Congress e organiza\u00e7\u00e3o guarda-chuva para especialistas globais em lagos, a Organiza\u00e7\u00e3o Internacional para \u00e1guas balneares naturais (IOB) lan\u00e7ou o Pr\u00eamio Pondy.<br \/>\nTodos os participantes do congresso podem votar nos vencedores do PONDY AWARD internacional durante o congresso, que ser\u00e1 anunciado novamente pelo IOB em 2021.<br \/>\n<a href=\"https:\/\/iob-ev.com\/pondy-award-2011\/\"><strong>Os indicados para 2021 ser\u00e3o apresentados em nossa p\u00e1gina Pondy em tempo \u00fatil.<\/strong><\/a><\/p>\n<p><a href=\"https:\/\/iob-ev.com\/wp-content\/uploads\/2020\/10\/map-albufeira.jpg\"><img decoding=\"async\" class=\"aligncenter size-full wp-image-3915 lazyload\" data-src=\"https:\/\/iob-ev.com\/wp-content\/uploads\/2020\/10\/map-albufeira.jpg\" alt=\"\" width=\"1189\" height=\"794\" src=\"data:image\/svg+xml;base64,PHN2ZyB3aWR0aD0iMSIgaGVpZ2h0PSIxIiB4bWxucz0iaHR0cDovL3d3dy53My5vcmcvMjAwMC9zdmciPjwvc3ZnPg==\" style=\"--smush-placeholder-width: 1189px; --smush-placeholder-aspect-ratio: 1189\/794;\" \/><\/a><\/p>\n<\/div>\n<\/div><\/div><\/div><\/div><\/div><\/div><div id=\"pg-3849-3\"  class=\"panel-grid panel-has-style\" ><div style=\"padding: 100px 0; \" data-overlay=\"true\" data-overlay-color=\"#000000\" class=\"panel-row-style panel-row-style-for-3849-3\" ><div id=\"pgc-3849-3-0\"  class=\"panel-grid-cell\" ><div id=\"panel-3849-3-0-0\" class=\"so-panel widget widget_sow-editor panel-first-child\" data-index=\"3\" ><div style=\"text-align: left;\" data-title-color=\"#443f3f\" data-headings-color=\"#443f3f\" class=\"panel-widget-style panel-widget-style-for-3849-3-0-0\" ><div\n\t\t\t\n\t\t\tclass=\"so-widget-sow-editor so-widget-sow-editor-base\"\n\t\t\t\n\t\t><h3 class=\"widget-title\">Sponsoring<\/h3>\n<div class=\"siteorigin-widget-tinymce textwidget\">\n\t<p><b><br \/>\n<b>Use as sinergias como patrocinador para e no 11\u00ba Congresso Internacional de Piscinas 2021 em Portugal!<\/b><\/p>\n<p>O Schwimmteichkongress espera at\u00e9 250 visitantes todos os dias de todo o mundo.<\/p>\n<p><b> Como uma empresa inovadora, voc\u00ea estar\u00e1 apresentando suas ideias e produtos pela primeira vez diretamente no congresso do palco por uma apresenta\u00e7\u00e3o de 3 minutos <\/b> do patrocinador com no m\u00e1ximo tr\u00eas slides (produto, servi\u00e7o, apresenta\u00e7\u00e3o da empresa, etc.) do p\u00f3dio ao p\u00fablico do congresso entre palestrantes individuais. As apresenta\u00e7\u00f5es podem ser em alem\u00e3o, ingl\u00eas ou holand\u00eas e s\u00e3o traduzidas simultaneamente.<br \/>\nAl\u00e9m disso, cada patrocinador recebe a inclus\u00e3o de seu logotipo na p\u00e1gina oficial do Congresso IOB.<\/p>\n<p><span class=\"tlid-translation translation\" lang=\"en\"><span class=\"\" title=\"\">Tos seguintes pacotes de patroc\u00ednio est\u00e3o dispon\u00edveis para apoiar o Congresso IOB: em breve<\/p>\n<p><\/span><\/span><\/p>\n<\/div>\n<\/div><\/div><\/div><div id=\"panel-3849-3-0-1\" class=\"so-panel widget widget_sow-post-carousel panel-last-child\" data-index=\"4\" ><div style=\"text-align: left;\" data-title-color=\"#443f3f\" data-headings-color=\"#443f3f\" class=\"panel-widget-style panel-widget-style-for-3849-3-0-1\" ><div\n\t\t\t\n\t\t\tclass=\"so-widget-sow-post-carousel so-widget-sow-post-carousel-base-5fcd32e61bf7-3849\"\n\t\t\t\n\t\t>\t<div\n\t\tclass=\"sow-post-carousel-wrapper sow-post-carousel-theme-base\"\n\t\tstyle=\"overflow: hidden; max-width: 100%; min-height: 150px\"\n\t>\n\t\t<div class=\"sow-carousel-title\">\n\t\t\t<div class=\"sow-carousel-navigation \">\n\t\t\t\t\t\t<a href=\"#\" class=\"sow-carousel-next\" title=\"Next\" aria-label=\"Next Posts\" role=\"button\"><\/a>\n\t\t\t\t\t\t<a href=\"#\" class=\"sow-carousel-previous\" title=\"Previous\" aria-label=\"Previous Posts\" role=\"button\"><\/a>\n\t\t\t\t\t<\/div>\n\t<\/div>\n\n<div class=\"sow-carousel-container \">\n\t\t<div class=\"sow-carousel-wrapper\"\n\t\tdata-dir=\"ltr\"\n\t\tstyle=\"opacity: 0;\"\n\t\tdata-widget=\"post\" data-fetching=\"false\" data-page=\"1\" data-ajax-url=\"https:\/\/media.iob-ev.com\/wp-admin\/admin-ajax.php?_widgets_nonce=2a47b70310\" data-item_count=\"13\" data-carousel_settings=\"{&quot;loop&quot;:true,&quot;animation&quot;:&quot;Ease&quot;,&quot;animation_speed&quot;:400,&quot;autoplay&quot;:&quot;&quot;,&quot;pauseOnHover&quot;:&quot;&quot;,&quot;autoplaySpeed&quot;:8000,&quot;item_overflow&quot;:true,&quot;autoplay_continuous_scroll&quot;:false}\" data-responsive=\"{&quot;desktop_slides_to_scroll&quot;:1,&quot;tablet_landscape_breakpoint&quot;:1366,&quot;tablet_landscape_slides_to_scroll&quot;:2,&quot;tablet_portrait_breakpoint&quot;:1025,&quot;tablet_portrait_slides_to_scroll&quot;:2,&quot;mobile_breakpoint&quot;:480,&quot;mobile_slides_to_scroll&quot;:1}\" data-variable_width=\"true\" \t>\n\t\t<div\n\t\t\tclass=\"sow-carousel-items\"\n\t\t\t\t\t>\n\t\t\t\t<div class=\"sow-carousel-item\" tabindex=\"-1\" style=\"float: left;\">\n\t\t<div class=\"sow-carousel-thumbnail\">\n\t\t\t\t\t\t\t<a\n\t\t\t\t\thref=\"https:\/\/media.iob-ev.com\/pt\/2018\/12\/14\/roessle-new-sponsor\/\"\n\t\t\t\t\t\t\t\t\t\tstyle=\"background-image:inherit\"\n\t\t\t\t\taria-labelledby=\"sow-carousel-id-1348\"\n\t\t\t\t\ttabindex=\"-1\"\n\t\t\t\t data-bg-image=\"url( https:\/\/media.iob-ev.com\/wp-content\/uploads\/2019\/03\/logo-roessle-iob-150x150.jpg )\" class=\"lazyload\">\n\t\t\t\t\t<span class=\"overlay\"><\/span>\n\t\t\t\t<\/a>\n\t\t\t\t\t<\/div>\n\t\t<h3 class=\"sow-carousel-item-title\">\n\t\t\t<a\n\t\t\t\thref=\"https:\/\/media.iob-ev.com\/pt\/2018\/12\/14\/roessle-new-sponsor\/\"\n\t\t\t\tid=\"sow-carousel-id-1348\"\n\t\t\t\t\t\t\t\ttabindex=\"-1\"\n\t\t\t>\n\n\t\t\t\tRoessle &#8211; Gold Sponsor\t\t\t<\/a>\n\t\t<\/h3>\n\t<\/div>\n\t\t<div class=\"sow-carousel-item\" tabindex=\"-1\" style=\"float: left;\">\n\t\t<div class=\"sow-carousel-thumbnail\">\n\t\t\t\t\t\t\t<a\n\t\t\t\t\thref=\"https:\/\/media.iob-ev.com\/pt\/2018\/12\/14\/1350\/\"\n\t\t\t\t\t\t\t\t\t\tstyle=\"background-image:inherit\"\n\t\t\t\t\taria-labelledby=\"sow-carousel-id-1350\"\n\t\t\t\t\ttabindex=\"-1\"\n\t\t\t\t data-bg-image=\"url( https:\/\/media.iob-ev.com\/wp-content\/uploads\/2019\/05\/polyplan-logo-150x150.jpg )\" class=\"lazyload\">\n\t\t\t\t\t<span class=\"overlay\"><\/span>\n\t\t\t\t<\/a>\n\t\t\t\t\t<\/div>\n\t\t<h3 class=\"sow-carousel-item-title\">\n\t\t\t<a\n\t\t\t\thref=\"https:\/\/media.iob-ev.com\/pt\/2018\/12\/14\/1350\/\"\n\t\t\t\tid=\"sow-carousel-id-1350\"\n\t\t\t\t\t\t\t\ttabindex=\"-1\"\n\t\t\t>\n\n\t\t\t\tPolyplan &#8211; Premium Sponsor\t\t\t<\/a>\n\t\t<\/h3>\n\t<\/div>\n\t\t<div class=\"sow-carousel-item\" tabindex=\"-1\" style=\"float: left;\">\n\t\t<div class=\"sow-carousel-thumbnail\">\n\t\t\t\t\t\t\t<a\n\t\t\t\t\thref=\"https:\/\/media.iob-ev.com\/pt\/2019\/05\/29\/sibo-fluidra-gold-sponsor\/\"\n\t\t\t\t\t\t\t\t\t\tstyle=\"background-image:inherit\"\n\t\t\t\t\taria-labelledby=\"sow-carousel-id-2133\"\n\t\t\t\t\ttabindex=\"-1\"\n\t\t\t\t data-bg-image=\"url( https:\/\/media.iob-ev.com\/wp-content\/uploads\/2019\/05\/Sibo_Fluidra-Log-new-150x150.jpg )\" class=\"lazyload\">\n\t\t\t\t\t<span class=\"overlay\"><\/span>\n\t\t\t\t<\/a>\n\t\t\t\t\t<\/div>\n\t\t<h3 class=\"sow-carousel-item-title\">\n\t\t\t<a\n\t\t\t\thref=\"https:\/\/media.iob-ev.com\/pt\/2019\/05\/29\/sibo-fluidra-gold-sponsor\/\"\n\t\t\t\tid=\"sow-carousel-id-2133\"\n\t\t\t\t\t\t\t\ttabindex=\"-1\"\n\t\t\t>\n\n\t\t\t\tSIBO Fluidra &#8211; Gold Sponsor\t\t\t<\/a>\n\t\t<\/h3>\n\t<\/div>\n\t\t<div class=\"sow-carousel-item\" tabindex=\"-1\" style=\"float: left;\">\n\t\t<div class=\"sow-carousel-thumbnail\">\n\t\t\t\t\t\t\t<a\n\t\t\t\t\thref=\"https:\/\/media.iob-ev.com\/pt\/2019\/05\/31\/hydrobalance-premium-sponsor\/\"\n\t\t\t\t\t\t\t\t\t\tstyle=\"background-image:inherit\"\n\t\t\t\t\taria-labelledby=\"sow-carousel-id-2174\"\n\t\t\t\t\ttabindex=\"-1\"\n\t\t\t\t data-bg-image=\"url( https:\/\/media.iob-ev.com\/wp-content\/uploads\/2019\/05\/hydrobalance-logo-150x150.jpg )\" class=\"lazyload\">\n\t\t\t\t\t<span class=\"overlay\"><\/span>\n\t\t\t\t<\/a>\n\t\t\t\t\t<\/div>\n\t\t<h3 class=\"sow-carousel-item-title\">\n\t\t\t<a\n\t\t\t\thref=\"https:\/\/media.iob-ev.com\/pt\/2019\/05\/31\/hydrobalance-premium-sponsor\/\"\n\t\t\t\tid=\"sow-carousel-id-2174\"\n\t\t\t\t\t\t\t\ttabindex=\"-1\"\n\t\t\t>\n\n\t\t\t\tHydrobalance &#8211; Premium Sponsor\t\t\t<\/a>\n\t\t<\/h3>\n\t<\/div>\n\t\t<div class=\"sow-carousel-item\" tabindex=\"-1\" style=\"float: left;\">\n\t\t<div class=\"sow-carousel-thumbnail\">\n\t\t\t\t\t\t\t<a\n\t\t\t\t\thref=\"https:\/\/media.iob-ev.com\/pt\/2019\/05\/31\/oase-gold-sponsor\/\"\n\t\t\t\t\t\t\t\t\t\tstyle=\"background-image:inherit\"\n\t\t\t\t\taria-labelledby=\"sow-carousel-id-2179\"\n\t\t\t\t\ttabindex=\"-1\"\n\t\t\t\t data-bg-image=\"url( https:\/\/media.iob-ev.com\/wp-content\/uploads\/2019\/05\/Oase-logo-150x150.jpg )\" class=\"lazyload\">\n\t\t\t\t\t<span class=\"overlay\"><\/span>\n\t\t\t\t<\/a>\n\t\t\t\t\t<\/div>\n\t\t<h3 class=\"sow-carousel-item-title\">\n\t\t\t<a\n\t\t\t\thref=\"https:\/\/media.iob-ev.com\/pt\/2019\/05\/31\/oase-gold-sponsor\/\"\n\t\t\t\tid=\"sow-carousel-id-2179\"\n\t\t\t\t\t\t\t\ttabindex=\"-1\"\n\t\t\t>\n\n\t\t\t\tOase &#8211; Gold Sponsor\t\t\t<\/a>\n\t\t<\/h3>\n\t<\/div>\n\t\t<div class=\"sow-carousel-item\" tabindex=\"-1\" style=\"float: left;\">\n\t\t<div class=\"sow-carousel-thumbnail\">\n\t\t\t\t\t\t\t<a\n\t\t\t\t\thref=\"https:\/\/media.iob-ev.com\/pt\/2019\/06\/12\/schwimmteichnaturpool-sponsor\/\"\n\t\t\t\t\t\t\t\t\t\tstyle=\"background-image:inherit\"\n\t\t\t\t\taria-labelledby=\"sow-carousel-id-2365\"\n\t\t\t\t\ttabindex=\"-1\"\n\t\t\t\t data-bg-image=\"url( https:\/\/media.iob-ev.com\/wp-content\/uploads\/2019\/06\/schwimmteich-Logo-150x150.jpg )\" class=\"lazyload\">\n\t\t\t\t\t<span class=\"overlay\"><\/span>\n\t\t\t\t<\/a>\n\t\t\t\t\t<\/div>\n\t\t<h3 class=\"sow-carousel-item-title\">\n\t\t\t<a\n\t\t\t\thref=\"https:\/\/media.iob-ev.com\/pt\/2019\/06\/12\/schwimmteichnaturpool-sponsor\/\"\n\t\t\t\tid=\"sow-carousel-id-2365\"\n\t\t\t\t\t\t\t\ttabindex=\"-1\"\n\t\t\t>\n\n\t\t\t\tSchwimmteich&#038;Naturpool  Sponsor\t\t\t<\/a>\n\t\t<\/h3>\n\t<\/div>\n\t\t<div class=\"sow-carousel-item\" tabindex=\"-1\" style=\"float: left;\">\n\t\t<div class=\"sow-carousel-thumbnail\">\n\t\t\t\t\t\t\t<a\n\t\t\t\t\thref=\"https:\/\/media.iob-ev.com\/pt\/2019\/06\/26\/dgfnb-sponsor\/\"\n\t\t\t\t\t\t\t\t\t\tstyle=\"background-image:inherit\"\n\t\t\t\t\taria-labelledby=\"sow-carousel-id-2393\"\n\t\t\t\t\ttabindex=\"-1\"\n\t\t\t\t data-bg-image=\"url( https:\/\/media.iob-ev.com\/wp-content\/uploads\/2017\/01\/545.jpg )\" class=\"lazyload\">\n\t\t\t\t\t<span class=\"overlay\"><\/span>\n\t\t\t\t<\/a>\n\t\t\t\t\t<\/div>\n\t\t<h3 class=\"sow-carousel-item-title\">\n\t\t\t<a\n\t\t\t\thref=\"https:\/\/media.iob-ev.com\/pt\/2019\/06\/26\/dgfnb-sponsor\/\"\n\t\t\t\tid=\"sow-carousel-id-2393\"\n\t\t\t\t\t\t\t\ttabindex=\"-1\"\n\t\t\t>\n\n\t\t\t\tDGfnB &#8211; Sponsor\t\t\t<\/a>\n\t\t<\/h3>\n\t<\/div>\n\t\t<div class=\"sow-carousel-item\" tabindex=\"-1\" style=\"float: left;\">\n\t\t<div class=\"sow-carousel-thumbnail\">\n\t\t\t\t\t\t\t<a\n\t\t\t\t\thref=\"https:\/\/media.iob-ev.com\/pt\/2019\/07\/31\/parga-sponsor\/\"\n\t\t\t\t\t\t\t\t\t\tstyle=\"background-image:inherit\"\n\t\t\t\t\taria-labelledby=\"sow-carousel-id-2679\"\n\t\t\t\t\ttabindex=\"-1\"\n\t\t\t\t data-bg-image=\"url( https:\/\/media.iob-ev.com\/wp-content\/uploads\/2019\/07\/parga-logo-150x112.jpg )\" class=\"lazyload\">\n\t\t\t\t\t<span class=\"overlay\"><\/span>\n\t\t\t\t<\/a>\n\t\t\t\t\t<\/div>\n\t\t<h3 class=\"sow-carousel-item-title\">\n\t\t\t<a\n\t\t\t\thref=\"https:\/\/media.iob-ev.com\/pt\/2019\/07\/31\/parga-sponsor\/\"\n\t\t\t\tid=\"sow-carousel-id-2679\"\n\t\t\t\t\t\t\t\ttabindex=\"-1\"\n\t\t\t>\n\n\t\t\t\tParga &#8211; Sponsor\t\t\t<\/a>\n\t\t<\/h3>\n\t<\/div>\n\t\t<div class=\"sow-carousel-item\" tabindex=\"-1\" style=\"float: left;\">\n\t\t<div class=\"sow-carousel-thumbnail\">\n\t\t\t\t\t\t\t<a\n\t\t\t\t\thref=\"https:\/\/media.iob-ev.com\/pt\/2019\/07\/31\/biofermenta-sponsor\/\"\n\t\t\t\t\t\t\t\t\t\tstyle=\"background-image:inherit\"\n\t\t\t\t\taria-labelledby=\"sow-carousel-id-2688\"\n\t\t\t\t\ttabindex=\"-1\"\n\t\t\t\t data-bg-image=\"url( https:\/\/media.iob-ev.com\/wp-content\/uploads\/2019\/07\/biofermenta-logo2-150x150.jpg )\" class=\"lazyload\">\n\t\t\t\t\t<span class=\"overlay\"><\/span>\n\t\t\t\t<\/a>\n\t\t\t\t\t<\/div>\n\t\t<h3 class=\"sow-carousel-item-title\">\n\t\t\t<a\n\t\t\t\thref=\"https:\/\/media.iob-ev.com\/pt\/2019\/07\/31\/biofermenta-sponsor\/\"\n\t\t\t\tid=\"sow-carousel-id-2688\"\n\t\t\t\t\t\t\t\ttabindex=\"-1\"\n\t\t\t>\n\n\t\t\t\tBiofermenta &#8211; Sponsor\t\t\t<\/a>\n\t\t<\/h3>\n\t<\/div>\n\t\t<div class=\"sow-carousel-item\" tabindex=\"-1\" style=\"float: left;\">\n\t\t<div class=\"sow-carousel-thumbnail\">\n\t\t\t\t\t\t\t<a\n\t\t\t\t\thref=\"https:\/\/media.iob-ev.com\/pt\/2019\/07\/31\/messner-pumpen-premium-sponsor\/\"\n\t\t\t\t\t\t\t\t\t\tstyle=\"background-image:inherit\"\n\t\t\t\t\taria-labelledby=\"sow-carousel-id-2697\"\n\t\t\t\t\ttabindex=\"-1\"\n\t\t\t\t data-bg-image=\"url( https:\/\/media.iob-ev.com\/wp-content\/uploads\/2019\/07\/messner-logo-150x150.jpg )\" class=\"lazyload\">\n\t\t\t\t\t<span class=\"overlay\"><\/span>\n\t\t\t\t<\/a>\n\t\t\t\t\t<\/div>\n\t\t<h3 class=\"sow-carousel-item-title\">\n\t\t\t<a\n\t\t\t\thref=\"https:\/\/media.iob-ev.com\/pt\/2019\/07\/31\/messner-pumpen-premium-sponsor\/\"\n\t\t\t\tid=\"sow-carousel-id-2697\"\n\t\t\t\t\t\t\t\ttabindex=\"-1\"\n\t\t\t>\n\n\t\t\t\tMessner Pumpen &#8211; Premium Sponsor\t\t\t<\/a>\n\t\t<\/h3>\n\t<\/div>\n\t\t\t<\/div>\n\t\t\t<\/div>\n\n\t<\/div>\n\t\t<input type=\"hidden\" name=\"instance_hash\" value=\"c14199c0\"\/>\n\t<\/div>\n<\/div><\/div><\/div><\/div><\/div><\/div><div id=\"pg-3849-4\"  class=\"panel-grid panel-has-style\" ><div style=\"padding: 100px 0; \" data-overlay=\"true\" data-overlay-color=\"#000000\" class=\"panel-row-style panel-row-style-for-3849-4\" ><div id=\"pgc-3849-4-0\"  class=\"panel-grid-cell\" ><div id=\"panel-3849-4-0-0\" class=\"so-panel widget widget_sow-editor panel-first-child panel-last-child\" data-index=\"5\" ><div style=\"text-align: left;\" data-title-color=\"#443f3f\" data-headings-color=\"#443f3f\" class=\"panel-widget-style panel-widget-style-for-3849-4-0-0\" ><div\n\t\t\t\n\t\t\tclass=\"so-widget-sow-editor so-widget-sow-editor-base\"\n\t\t\t\n\t\t><h3 class=\"widget-title\">Programa<\/h3>\n<div class=\"siteorigin-widget-tinymce textwidget\">\n\t<div class=\"siteorigin-widget-tinymce textwidget\">\n<div class=\"listelement\">\n<h2> Rallys <\/h2>\n<p>Rally do aeroporto de Lisboa ao Algarve, 2 dias, guiado por Pedro Couto, um experiente construtor de lagoas de Portugal.<\/p>\n<p>aqui voc\u00ea pode encontrar o programa de rally - dispon\u00edvel em breve<\/p>\n<p>As palestras do \u00faltimo Congresso 2019 em Vars\u00f3via podem ser lidas por membros das associa\u00e7\u00f5es filiadas ao IOB na biblioteca online do site do IOB (download). Voc\u00ea pode encontr\u00e1-los sob o tipo de publica\u00e7\u00e3o \u00bbPalestras\u00ab\n<\/p><\/div>\n<\/div>\n<\/div>\n<\/div><\/div><\/div><\/div><\/div><\/div><div id=\"pg-3849-5\"  class=\"panel-grid panel-has-style\" ><div style=\"padding: 100px 0; \" data-overlay=\"true\" data-overlay-color=\"#000000\" class=\"panel-row-style panel-row-style-for-3849-5\" ><div id=\"pgc-3849-5-0\"  class=\"panel-grid-cell panel-grid-cell-empty\" ><\/div><\/div><\/div><\/div>","protected":false},"excerpt":{"rendered":"<p>Conhe\u00e7a os especialistas sob o lema &#8220;Nature-Based Solution&#8221; para o 11\u00ba IOB-Congress em Portugal!<\/p>\n","protected":false},"author":1,"featured_media":0,"parent":0,"menu_order":0,"comment_status":"closed","ping_status":"closed","template":"","meta":{"footnotes":""},"class_list":["post-3849","page","type-page","status-publish","hentry"],"_links":{"self":[{"href":"https:\/\/media.iob-ev.com\/pt\/wp-json\/wp\/v2\/pages\/3849","targetHints":{"allow":["GET"]}}],"collection":[{"href":"https:\/\/media.iob-ev.com\/pt\/wp-json\/wp\/v2\/pages"}],"about":[{"href":"https:\/\/media.iob-ev.com\/pt\/wp-json\/wp\/v2\/types\/page"}],"author":[{"embeddable":true,"href":"https:\/\/media.iob-ev.com\/pt\/wp-json\/wp\/v2\/users\/1"}],"replies":[{"embeddable":true,"href":"https:\/\/media.iob-ev.com\/pt\/wp-json\/wp\/v2\/comments?post=3849"}],"version-history":[{"count":32,"href":"https:\/\/media.iob-ev.com\/pt\/wp-json\/wp\/v2\/pages\/3849\/revisions"}],"predecessor-version":[{"id":4306,"href":"https:\/\/media.iob-ev.com\/pt\/wp-json\/wp\/v2\/pages\/3849\/revisions\/4306"}],"wp:attachment":[{"href":"https:\/\/media.iob-ev.com\/pt\/wp-json\/wp\/v2\/media?parent=3849"}],"curies":[{"name":"wp","href":"https:\/\/api.w.org\/{rel}","templated":true}]}}