{"id":3875,"date":"2020-10-01T18:05:28","date_gmt":"2020-10-01T16:05:28","guid":{"rendered":"https:\/\/media.iob-ev.com\/?page_id=3875"},"modified":"2020-12-14T17:52:25","modified_gmt":"2020-12-14T16:52:25","slug":"programm-11ter-iob-kongress","status":"publish","type":"page","link":"https:\/\/media.iob-ev.com\/pt\/programm-11ter-iob-kongress\/","title":{"rendered":"Program 11. International Swimmingpond Conference"},"content":{"rendered":"<p><span class=\"tlid-translation translation\" lang=\"en\"><span class=\"\" title=\"\">Os resumos e apresenta\u00e7\u00f5es das palestras proferidas pelos respetivos palestrantes podem ser consultados &#8211; na medida em que nos foram disponibilizados &#8211; na p\u00e1gina dos palestrantes.<\/span><\/span><\/p>\n<p>(No campo t\u00f3pico da tabela a seguir, ap\u00f3s a descri\u00e7\u00e3o da palestra, ser\u00e1 encontrado o link &#8220;&#8230; mais&#8221;. Link para a p\u00e1gina do palestrante onde voc\u00ea pode encontrar os downloads em PDF do resumo e da palestra &#8211; se j\u00e1 fornecido)<\/p>\n<table border=\"1\" width=\"642\" cellspacing=\"0\" cellpadding=\"5\">\n<tbody>\n<tr valign=\"TOP\">\n<td bgcolor=\"#bdc0bf\" width=\"41\" height=\"27\">\n<p align=\"LEFT\">Day\/hour<\/p>\n<\/td>\n<td bgcolor=\"#bdc0bf\" width=\"88\">\n<p align=\"LEFT\">Event<\/p>\n<\/td>\n<td bgcolor=\"#bdc0bf\" width=\"198\">\n<p align=\"LEFT\">Topic<\/p>\n<\/td>\n<td bgcolor=\"#bdc0bf\" width=\"123\">\n<p align=\"LEFT\">Referente<\/p>\n<\/td>\n<td bgcolor=\"#bdc0bf\" width=\"93\">\n<p align=\"LEFT\">Observa\u00e7\u00f5es<\/p>\n<\/td>\n<td bgcolor=\"#bdc0bf\" width=\"37\"><\/td>\n<\/tr>\n<tr valign=\"TOP\">\n<td bgcolor=\"#e2e4e3\" width=\"41\" height=\"10\">\n<p align=\"LEFT\">06.10.2021<\/p>\n<\/td>\n<td width=\"88\"><\/td>\n<td width=\"198\">\n<h4 align=\"LEFT\">1\u00ba dia de confer\u00eancia<\/h4>\n<\/td>\n<td width=\"123\"><\/td>\n<td width=\"93\"><\/td>\n<td width=\"37\"><\/td>\n<\/tr>\n<tr valign=\"TOP\">\n<td bgcolor=\"#e2e4e3\" width=\"41\" height=\"10\">\n<p align=\"LEFT\">8:30<\/p>\n<\/td>\n<td bgcolor=\"#eeeeee\" width=\"88\">\n<p align=\"LEFT\">Entry<\/p>\n<\/td>\n<td bgcolor=\"#eeeeee\" width=\"198\"><\/td>\n<td bgcolor=\"#eeeeee\" width=\"123\"><\/td>\n<td bgcolor=\"#eeeeee\" width=\"93\"><\/td>\n<td bgcolor=\"#eeeeee\" width=\"37\"><\/td>\n<\/tr>\n<tr valign=\"TOP\">\n<td bgcolor=\"#e2e4e3\" width=\"41\" height=\"46\">\n<p align=\"LEFT\">9:00<\/p>\n<\/td>\n<td width=\"88\">\n<p align=\"LEFT\">Opening<\/p>\n<\/td>\n<td width=\"198\">\n<p align=\"LEFT\">Opening speech by the Presidents of the Portuguese association GIABN and IOB <a href=\"https:\/\/media.iob-ev.com\/eroeffnungsrede\/\" target=\"_blank\" rel=\"noopener noreferrer\">&#8230;more<\/a><\/p>\n<\/td>\n<td bgcolor=\"#eeeeee\" width=\"123\">\n<p align=\"LEFT\">Stefan Meier (IOB) &amp; Claudia Schwarzer (GIABN)<\/p>\n<\/td>\n<td width=\"93\"><\/td>\n<td width=\"37\"><\/td>\n<\/tr>\n<tr valign=\"TOP\">\n<td bgcolor=\"#e2e4e3\" width=\"41\" height=\"10\">\n<p align=\"LEFT\">10:00<\/p>\n<\/td>\n<td bgcolor=\"#eeeeee\" width=\"88\">\n<p align=\"LEFT\">Offen<\/p>\n<\/td>\n<td bgcolor=\"#eeeeee\" width=\"198\"><\/td>\n<td bgcolor=\"#eeeeee\" width=\"123\"><\/td>\n<td bgcolor=\"#eeeeee\" width=\"93\"><\/td>\n<td bgcolor=\"#eeeeee\" width=\"37\"><\/td>\n<\/tr>\n<tr valign=\"TOP\">\n<td bgcolor=\"#e2e4e3\" width=\"41\" height=\"46\">\n<p align=\"LEFT\">11:00<\/p>\n<\/td>\n<td width=\"88\">\n<p align=\"LEFT\">Offen<\/p>\n<\/td>\n<td width=\"198\">\n<p align=\"LEFT\">\u00a0<a href=\"https:\/\/media.iob-ev.com\/eroeffnungsrede\/\" target=\"_blank\" rel=\"noopener noreferrer\">&#8230;more<\/a><\/p>\n<\/td>\n<td bgcolor=\"#eeeeee\" width=\"123\">\n<p align=\"LEFT\">\n<\/td>\n<td width=\"93\"><\/td>\n<td width=\"37\"><\/td>\n<\/tr>\n<\/tbody>\n<\/table>\n<p>ser\u00e1 postado quando dispon\u00edvel<\/p>","protected":false},"excerpt":{"rendered":"<p>Os resumos e apresenta\u00e7\u00f5es das palestras proferidas pelos respetivos palestrantes podem ser consultados &#8211; na medida em que nos foram disponibilizados &#8211; [&hellip;]<\/p>\n","protected":false},"author":1,"featured_media":0,"parent":0,"menu_order":0,"comment_status":"closed","ping_status":"closed","template":"","meta":{"footnotes":""},"class_list":["post-3875","page","type-page","status-publish","hentry"],"_links":{"self":[{"href":"https:\/\/media.iob-ev.com\/pt\/wp-json\/wp\/v2\/pages\/3875","targetHints":{"allow":["GET"]}}],"collection":[{"href":"https:\/\/media.iob-ev.com\/pt\/wp-json\/wp\/v2\/pages"}],"about":[{"href":"https:\/\/media.iob-ev.com\/pt\/wp-json\/wp\/v2\/types\/page"}],"author":[{"embeddable":true,"href":"https:\/\/media.iob-ev.com\/pt\/wp-json\/wp\/v2\/users\/1"}],"replies":[{"embeddable":true,"href":"https:\/\/media.iob-ev.com\/pt\/wp-json\/wp\/v2\/comments?post=3875"}],"version-history":[{"count":12,"href":"https:\/\/media.iob-ev.com\/pt\/wp-json\/wp\/v2\/pages\/3875\/revisions"}],"predecessor-version":[{"id":4308,"href":"https:\/\/media.iob-ev.com\/pt\/wp-json\/wp\/v2\/pages\/3875\/revisions\/4308"}],"wp:attachment":[{"href":"https:\/\/media.iob-ev.com\/pt\/wp-json\/wp\/v2\/media?parent=3875"}],"curies":[{"name":"wp","href":"https:\/\/api.w.org\/{rel}","templated":true}]}}